{"id":11087,"date":"2025-06-06T09:52:05","date_gmt":"2025-06-06T09:52:05","guid":{"rendered":"https:\/\/artisan-all.com\/?post_type=product&#038;p=11087"},"modified":"2025-09-26T12:07:21","modified_gmt":"2025-09-26T12:07:21","slug":"collier-2","status":"publish","type":"product","link":"https:\/\/artisan-all.com\/en\/product\/collier-2\/","title":{"rendered":"TISLIT ( quartz rose)"},"content":{"rendered":"<p>Symbole universel d\u2019amour et de tendresse, ce collier en quartz rose diffuse une \u00e9nergie<br \/>\ndouce et apaisante. Chaque perle a \u00e9t\u00e9 s\u00e9lectionn\u00e9e pour sa beaut\u00e9 naturelle et ses<br \/>\nbienfaits vibratoires. Un bijou d\u00e9licat, con\u00e7u pour celles et ceux qui souhaitent cultiver la<br \/>\ncompassion, l\u2019amour de soi et la paix int\u00e9rieure.<br \/>\n\u00c0 porter au quotidien pour un style raffin\u00e9 et une pr\u00e9sence \u00e9nergisante.<br \/>\nCaract\u00e9ristique :<br \/>\n\u2013Mati\u00e8re : quartz rose<br \/>\n\u2013Dimension : 35 cm<br \/>\n\u2013Propri\u00e9t\u00e9 :encourager la douceur, le pardon et l\u2019acceptation du soi elle apaise aussi les<br \/>\nblessures \u00e9motionnelle.<br \/>\n\u2013fait au Maroc<\/p>","protected":false},"excerpt":{"rendered":"<p>Symbole universel d\u2019amour et de tendresse, ce collier en quartz rose diffuse une \u00e9nergie douce et apaisante. Chaque perle a \u00e9t\u00e9 s\u00e9lectionn\u00e9e pour sa beaut\u00e9 naturelle et ses bienfaits vibratoires. Un bijou d\u00e9licat, con\u00e7u pour celles et ceux qui souhaitent cultiver la compassion, l\u2019amour de soi et la paix int\u00e9rieure. \u00c0 porter au quotidien pour [&hellip;]<\/p>","protected":false},"featured_media":11009,"template":"","meta":{"om_disable_all_campaigns":false,"_monsterinsights_skip_tracking":false,"_monsterinsights_sitenote_active":false,"_monsterinsights_sitenote_note":"","_monsterinsights_sitenote_category":0},"product_brand":[],"product_cat":[63,72],"product_tag":[],"class_list":{"0":"post-11087","1":"product","2":"type-product","3":"status-publish","4":"has-post-thumbnail","6":"product_cat-bijoux","7":"product_cat-colliers","9":"first","10":"instock","11":"taxable","12":"shipping-taxable","13":"purchasable","14":"product-type-simple"},"aioseo_notices":[],"_links":{"self":[{"href":"https:\/\/artisan-all.com\/en\/wp-json\/wp\/v2\/product\/11087","targetHints":{"allow":["GET"]}}],"collection":[{"href":"https:\/\/artisan-all.com\/en\/wp-json\/wp\/v2\/product"}],"about":[{"href":"https:\/\/artisan-all.com\/en\/wp-json\/wp\/v2\/types\/product"}],"wp:featuredmedia":[{"embeddable":true,"href":"https:\/\/artisan-all.com\/en\/wp-json\/wp\/v2\/media\/11009"}],"wp:attachment":[{"href":"https:\/\/artisan-all.com\/en\/wp-json\/wp\/v2\/media?parent=11087"}],"wp:term":[{"taxonomy":"product_brand","embeddable":true,"href":"https:\/\/artisan-all.com\/en\/wp-json\/wp\/v2\/product_brand?post=11087"},{"taxonomy":"product_cat","embeddable":true,"href":"https:\/\/artisan-all.com\/en\/wp-json\/wp\/v2\/product_cat?post=11087"},{"taxonomy":"product_tag","embeddable":true,"href":"https:\/\/artisan-all.com\/en\/wp-json\/wp\/v2\/product_tag?post=11087"}],"curies":[{"name":"wp","href":"https:\/\/api.w.org\/{rel}","templated":true}]}}