{"id":10827,"date":"2025-06-05T11:48:30","date_gmt":"2025-06-05T11:48:30","guid":{"rendered":"https:\/\/artisan-all.com\/?post_type=product&#038;p=10827"},"modified":"2025-09-24T16:35:39","modified_gmt":"2025-09-24T16:35:39","slug":"veka","status":"publish","type":"product","link":"https:\/\/artisan-all.com\/en\/product\/veka\/","title":{"rendered":"VEKA"},"content":{"rendered":"<p>Chaque tapis en raphia du Kasa\u00ef est une pi\u00e8ce unique, enti\u00e8rement tiss\u00e9e \u00e0 la main par les<br \/>\nartisans du peuple Kuba, en R\u00e9publique d\u00e9mocratique du Congo. R\u00e9alis\u00e9s \u00e0 partir de fibres<br \/>\nnaturelles de raphia, ces tapis se distinguent par leurs motifs g\u00e9om\u00e9triques complexes et<br \/>\nleur riche symbolique culturelle.<br \/>\n\u00c0 la fois objets d\u00e9coratifs et t\u00e9moins d\u2019un savoir-faire ancestral, ils peuvent \u00eatre utilis\u00e9s<br \/>\ncomme tapis, tentures murales ou \u00e9l\u00e9ments de d\u00e9coration int\u00e9rieure. Leur texture<br \/>\norganique et leurs teintes naturelles apportent chaleur, authenticit\u00e9 et \u00e9l\u00e9gance \u00e0 tous les<br \/>\nespaces<br \/>\nCaract\u00e9ristiques :<br \/>\n\uf0b7 100 % fibres naturelles de raphia<br \/>\n\uf0b7 Artisanat \u00e9quitable et fait main<br \/>\n\uf0b7 Origine : Kasa\u00ef, R\u00e9publique D\u00e9mocratique du Congo<br \/>\n\uf0b7 Dimension : ..x.. Cm<\/p>","protected":false},"excerpt":{"rendered":"<p>Tapis africain fait main, \u00e0 l\u2019esprit nomade.<\/p>","protected":false},"featured_media":10817,"template":"","meta":{"om_disable_all_campaigns":false,"_monsterinsights_skip_tracking":false,"_monsterinsights_sitenote_active":false,"_monsterinsights_sitenote_note":"","_monsterinsights_sitenote_category":0},"product_brand":[],"product_cat":[107],"product_tag":[],"class_list":{"0":"post-10827","1":"product","2":"type-product","3":"status-publish","4":"has-post-thumbnail","6":"product_cat-tapis","8":"first","9":"instock","10":"sold-individually","11":"taxable","12":"shipping-taxable","13":"purchasable","14":"product-type-simple"},"aioseo_notices":[],"_links":{"self":[{"href":"https:\/\/artisan-all.com\/en\/wp-json\/wp\/v2\/product\/10827","targetHints":{"allow":["GET"]}}],"collection":[{"href":"https:\/\/artisan-all.com\/en\/wp-json\/wp\/v2\/product"}],"about":[{"href":"https:\/\/artisan-all.com\/en\/wp-json\/wp\/v2\/types\/product"}],"wp:featuredmedia":[{"embeddable":true,"href":"https:\/\/artisan-all.com\/en\/wp-json\/wp\/v2\/media\/10817"}],"wp:attachment":[{"href":"https:\/\/artisan-all.com\/en\/wp-json\/wp\/v2\/media?parent=10827"}],"wp:term":[{"taxonomy":"product_brand","embeddable":true,"href":"https:\/\/artisan-all.com\/en\/wp-json\/wp\/v2\/product_brand?post=10827"},{"taxonomy":"product_cat","embeddable":true,"href":"https:\/\/artisan-all.com\/en\/wp-json\/wp\/v2\/product_cat?post=10827"},{"taxonomy":"product_tag","embeddable":true,"href":"https:\/\/artisan-all.com\/en\/wp-json\/wp\/v2\/product_tag?post=10827"}],"curies":[{"name":"wp","href":"https:\/\/api.w.org\/{rel}","templated":true}]}}