{"id":10824,"date":"2025-06-05T11:46:38","date_gmt":"2025-06-05T11:46:38","guid":{"rendered":"https:\/\/artisan-all.com\/?post_type=product&#038;p=10824"},"modified":"2025-08-15T17:18:34","modified_gmt":"2025-08-15T17:18:34","slug":"oba","status":"publish","type":"product","link":"https:\/\/artisan-all.com\/en\/product\/oba\/","title":{"rendered":"OBA"},"content":{"rendered":"<p>Ce tapis artisanal africain aux couleurs vives insuffle de l\u2019\u00e9nergie dans votre d\u00e9coration. Il \u00e9voque les march\u00e9s anim\u00e9s, la musique et la joie des cultures africaines.<\/p>","protected":false},"excerpt":{"rendered":"<p>Tapis ethnique color\u00e9, artisanal et joyeux.<\/p>","protected":false},"featured_media":10814,"template":"","meta":{"om_disable_all_campaigns":false,"_monsterinsights_skip_tracking":false,"_monsterinsights_sitenote_active":false,"_monsterinsights_sitenote_note":"","_monsterinsights_sitenote_category":0},"product_brand":[],"product_cat":[107],"product_tag":[],"class_list":{"0":"post-10824","1":"product","2":"type-product","3":"status-publish","4":"has-post-thumbnail","6":"product_cat-tapis","8":"first","9":"instock","10":"sold-individually","11":"taxable","12":"shipping-taxable","13":"purchasable","14":"product-type-simple"},"aioseo_notices":[],"_links":{"self":[{"href":"https:\/\/artisan-all.com\/en\/wp-json\/wp\/v2\/product\/10824","targetHints":{"allow":["GET"]}}],"collection":[{"href":"https:\/\/artisan-all.com\/en\/wp-json\/wp\/v2\/product"}],"about":[{"href":"https:\/\/artisan-all.com\/en\/wp-json\/wp\/v2\/types\/product"}],"wp:featuredmedia":[{"embeddable":true,"href":"https:\/\/artisan-all.com\/en\/wp-json\/wp\/v2\/media\/10814"}],"wp:attachment":[{"href":"https:\/\/artisan-all.com\/en\/wp-json\/wp\/v2\/media?parent=10824"}],"wp:term":[{"taxonomy":"product_brand","embeddable":true,"href":"https:\/\/artisan-all.com\/en\/wp-json\/wp\/v2\/product_brand?post=10824"},{"taxonomy":"product_cat","embeddable":true,"href":"https:\/\/artisan-all.com\/en\/wp-json\/wp\/v2\/product_cat?post=10824"},{"taxonomy":"product_tag","embeddable":true,"href":"https:\/\/artisan-all.com\/en\/wp-json\/wp\/v2\/product_tag?post=10824"}],"curies":[{"name":"wp","href":"https:\/\/api.w.org\/{rel}","templated":true}]}}