{"id":10821,"date":"2025-06-05T11:42:33","date_gmt":"2025-06-05T11:42:33","guid":{"rendered":"https:\/\/artisan-all.com\/?post_type=product&#038;p=10821"},"modified":"2025-08-15T17:43:29","modified_gmt":"2025-08-15T17:43:29","slug":"esengo","status":"publish","type":"product","link":"https:\/\/artisan-all.com\/en\/product\/esengo\/","title":{"rendered":"ESENGO"},"content":{"rendered":"<p>Avec ses couleurs naturelles et son tissage minutieux, ce tapis en marron et beige s\u2019int\u00e8gre aussi bien dans une d\u00e9co moderne qu\u2019ethnique. Il est r\u00e9alis\u00e9 \u00e0 la main par des artisans d\u2019Afrique centrale.<\/p>","protected":false},"excerpt":{"rendered":"<p>Tapis africain marron et beige, \u00e9l\u00e9gant et artisanal.<\/p>","protected":false},"featured_media":10808,"template":"","meta":{"om_disable_all_campaigns":false,"_monsterinsights_skip_tracking":false,"_monsterinsights_sitenote_active":false,"_monsterinsights_sitenote_note":"","_monsterinsights_sitenote_category":0},"product_brand":[],"product_cat":[107],"product_tag":[],"class_list":{"0":"post-10821","1":"product","2":"type-product","3":"status-publish","4":"has-post-thumbnail","6":"product_cat-tapis","8":"first","9":"instock","10":"sold-individually","11":"taxable","12":"shipping-taxable","13":"purchasable","14":"product-type-simple"},"aioseo_notices":[],"_links":{"self":[{"href":"https:\/\/artisan-all.com\/en\/wp-json\/wp\/v2\/product\/10821","targetHints":{"allow":["GET"]}}],"collection":[{"href":"https:\/\/artisan-all.com\/en\/wp-json\/wp\/v2\/product"}],"about":[{"href":"https:\/\/artisan-all.com\/en\/wp-json\/wp\/v2\/types\/product"}],"wp:featuredmedia":[{"embeddable":true,"href":"https:\/\/artisan-all.com\/en\/wp-json\/wp\/v2\/media\/10808"}],"wp:attachment":[{"href":"https:\/\/artisan-all.com\/en\/wp-json\/wp\/v2\/media?parent=10821"}],"wp:term":[{"taxonomy":"product_brand","embeddable":true,"href":"https:\/\/artisan-all.com\/en\/wp-json\/wp\/v2\/product_brand?post=10821"},{"taxonomy":"product_cat","embeddable":true,"href":"https:\/\/artisan-all.com\/en\/wp-json\/wp\/v2\/product_cat?post=10821"},{"taxonomy":"product_tag","embeddable":true,"href":"https:\/\/artisan-all.com\/en\/wp-json\/wp\/v2\/product_tag?post=10821"}],"curies":[{"name":"wp","href":"https:\/\/api.w.org\/{rel}","templated":true}]}}