{"id":10820,"date":"2025-06-05T11:39:39","date_gmt":"2025-06-05T11:39:39","guid":{"rendered":"https:\/\/artisan-all.com\/?post_type=product&#038;p=10820"},"modified":"2025-08-15T17:26:16","modified_gmt":"2025-08-15T17:26:16","slug":"makasi","status":"publish","type":"product","link":"https:\/\/artisan-all.com\/en\/product\/makasi\/","title":{"rendered":"MAKASI"},"content":{"rendered":"<p>R\u00e9alis\u00e9 \u00e0 partir de raphia naturel, ce tapis artisanal africain s\u00e9duit par son style tribal, sobre et \u00e9l\u00e9gant. Une belle alliance entre tradition et d\u00e9coration contemporaine.<\/p>","protected":false},"excerpt":{"rendered":"<p>Tapis en raphia tiss\u00e9 \u00e0 la main, style tribal chic.<\/p>","protected":false},"featured_media":10806,"template":"","meta":{"om_disable_all_campaigns":false,"_monsterinsights_skip_tracking":false,"_monsterinsights_sitenote_active":false,"_monsterinsights_sitenote_note":"","_monsterinsights_sitenote_category":0},"product_brand":[],"product_cat":[107],"product_tag":[],"class_list":{"0":"post-10820","1":"product","2":"type-product","3":"status-publish","4":"has-post-thumbnail","6":"product_cat-tapis","8":"first","9":"instock","10":"sold-individually","11":"taxable","12":"shipping-taxable","13":"purchasable","14":"product-type-simple"},"aioseo_notices":[],"_links":{"self":[{"href":"https:\/\/artisan-all.com\/en\/wp-json\/wp\/v2\/product\/10820","targetHints":{"allow":["GET"]}}],"collection":[{"href":"https:\/\/artisan-all.com\/en\/wp-json\/wp\/v2\/product"}],"about":[{"href":"https:\/\/artisan-all.com\/en\/wp-json\/wp\/v2\/types\/product"}],"wp:featuredmedia":[{"embeddable":true,"href":"https:\/\/artisan-all.com\/en\/wp-json\/wp\/v2\/media\/10806"}],"wp:attachment":[{"href":"https:\/\/artisan-all.com\/en\/wp-json\/wp\/v2\/media?parent=10820"}],"wp:term":[{"taxonomy":"product_brand","embeddable":true,"href":"https:\/\/artisan-all.com\/en\/wp-json\/wp\/v2\/product_brand?post=10820"},{"taxonomy":"product_cat","embeddable":true,"href":"https:\/\/artisan-all.com\/en\/wp-json\/wp\/v2\/product_cat?post=10820"},{"taxonomy":"product_tag","embeddable":true,"href":"https:\/\/artisan-all.com\/en\/wp-json\/wp\/v2\/product_tag?post=10820"}],"curies":[{"name":"wp","href":"https:\/\/api.w.org\/{rel}","templated":true}]}}