{"id":10798,"date":"2025-06-05T11:30:46","date_gmt":"2025-06-05T11:30:46","guid":{"rendered":"https:\/\/artisan-all.com\/?post_type=product&#038;p=10798"},"modified":"2025-08-15T17:19:27","modified_gmt":"2025-08-15T17:19:27","slug":"nzoto","status":"publish","type":"product","link":"https:\/\/artisan-all.com\/en\/product\/nzoto\/","title":{"rendered":"NZOTO"},"content":{"rendered":"<p data-start=\"1174\" data-end=\"1422\">Inspir\u00e9 des paysages africains, ce tapis aux teintes chaudes \u00e9voque les terres rouges et les dunes dor\u00e9es. Un objet de d\u00e9coration aux racines profondes et au charme brut.<\/p>","protected":false},"excerpt":{"rendered":"<p>Tapis africain aux couleurs terre, esprit nomade.<\/p>","protected":false},"featured_media":10790,"template":"","meta":{"om_disable_all_campaigns":false,"_monsterinsights_skip_tracking":false,"_monsterinsights_sitenote_active":false,"_monsterinsights_sitenote_note":"","_monsterinsights_sitenote_category":0},"product_brand":[],"product_cat":[107],"product_tag":[],"class_list":{"0":"post-10798","1":"product","2":"type-product","3":"status-publish","4":"has-post-thumbnail","6":"product_cat-tapis","8":"first","9":"instock","10":"sold-individually","11":"taxable","12":"shipping-taxable","13":"purchasable","14":"product-type-simple"},"aioseo_notices":[],"_links":{"self":[{"href":"https:\/\/artisan-all.com\/en\/wp-json\/wp\/v2\/product\/10798","targetHints":{"allow":["GET"]}}],"collection":[{"href":"https:\/\/artisan-all.com\/en\/wp-json\/wp\/v2\/product"}],"about":[{"href":"https:\/\/artisan-all.com\/en\/wp-json\/wp\/v2\/types\/product"}],"wp:featuredmedia":[{"embeddable":true,"href":"https:\/\/artisan-all.com\/en\/wp-json\/wp\/v2\/media\/10790"}],"wp:attachment":[{"href":"https:\/\/artisan-all.com\/en\/wp-json\/wp\/v2\/media?parent=10798"}],"wp:term":[{"taxonomy":"product_brand","embeddable":true,"href":"https:\/\/artisan-all.com\/en\/wp-json\/wp\/v2\/product_brand?post=10798"},{"taxonomy":"product_cat","embeddable":true,"href":"https:\/\/artisan-all.com\/en\/wp-json\/wp\/v2\/product_cat?post=10798"},{"taxonomy":"product_tag","embeddable":true,"href":"https:\/\/artisan-all.com\/en\/wp-json\/wp\/v2\/product_tag?post=10798"}],"curies":[{"name":"wp","href":"https:\/\/api.w.org\/{rel}","templated":true}]}}