{"id":10778,"date":"2025-06-05T11:13:52","date_gmt":"2025-06-05T11:13:52","guid":{"rendered":"https:\/\/artisan-all.com\/?post_type=product&#038;p=10778"},"modified":"2025-08-18T08:34:35","modified_gmt":"2025-08-18T08:34:35","slug":"diamu","status":"publish","type":"product","link":"https:\/\/artisan-all.com\/en\/product\/diamu\/","title":{"rendered":"DIAMU"},"content":{"rendered":"<p data-start=\"410\" data-end=\"676\">Alliant savoir-faire traditionnel et design contemporain, ce tapis en fibres naturelles est tiss\u00e9 \u00e0 la main en Afrique. Il cr\u00e9e un \u00e9quilibre parfait entre modernit\u00e9 et authenticit\u00e9.<\/p>","protected":false},"excerpt":{"rendered":"<p>Tapis en fibres naturelles, style africain contemporain.<\/p>","protected":false},"featured_media":10780,"template":"","meta":{"om_disable_all_campaigns":false,"_monsterinsights_skip_tracking":false,"_monsterinsights_sitenote_active":false,"_monsterinsights_sitenote_note":"","_monsterinsights_sitenote_category":0},"product_brand":[],"product_cat":[107],"product_tag":[],"class_list":{"0":"post-10778","1":"product","2":"type-product","3":"status-publish","4":"has-post-thumbnail","6":"product_cat-tapis","8":"first","9":"instock","10":"sold-individually","11":"taxable","12":"shipping-taxable","13":"purchasable","14":"product-type-simple"},"aioseo_notices":[],"_links":{"self":[{"href":"https:\/\/artisan-all.com\/en\/wp-json\/wp\/v2\/product\/10778","targetHints":{"allow":["GET"]}}],"collection":[{"href":"https:\/\/artisan-all.com\/en\/wp-json\/wp\/v2\/product"}],"about":[{"href":"https:\/\/artisan-all.com\/en\/wp-json\/wp\/v2\/types\/product"}],"wp:featuredmedia":[{"embeddable":true,"href":"https:\/\/artisan-all.com\/en\/wp-json\/wp\/v2\/media\/10780"}],"wp:attachment":[{"href":"https:\/\/artisan-all.com\/en\/wp-json\/wp\/v2\/media?parent=10778"}],"wp:term":[{"taxonomy":"product_brand","embeddable":true,"href":"https:\/\/artisan-all.com\/en\/wp-json\/wp\/v2\/product_brand?post=10778"},{"taxonomy":"product_cat","embeddable":true,"href":"https:\/\/artisan-all.com\/en\/wp-json\/wp\/v2\/product_cat?post=10778"},{"taxonomy":"product_tag","embeddable":true,"href":"https:\/\/artisan-all.com\/en\/wp-json\/wp\/v2\/product_tag?post=10778"}],"curies":[{"name":"wp","href":"https:\/\/api.w.org\/{rel}","templated":true}]}}