{"id":10775,"date":"2025-06-05T11:11:56","date_gmt":"2025-06-05T11:11:56","guid":{"rendered":"https:\/\/artisan-all.com\/?post_type=product&#038;p=10775"},"modified":"2025-08-18T08:36:21","modified_gmt":"2025-08-18T08:36:21","slug":"domino","status":"publish","type":"product","link":"https:\/\/artisan-all.com\/en\/product\/domino\/","title":{"rendered":"DOMINO"},"content":{"rendered":"<p>Avec son relief discret et son tissage serr\u00e9, ce tapis artisanal africain attire le regard tout en subtilit\u00e9. Il apporte de la profondeur \u00e0 votre d\u00e9coration.<\/p>","protected":false},"excerpt":{"rendered":"<p>Tapis africain textur\u00e9, pi\u00e8ce de caract\u00e8re.<\/p>","protected":false},"featured_media":10767,"template":"","meta":{"om_disable_all_campaigns":false,"_monsterinsights_skip_tracking":false,"_monsterinsights_sitenote_active":false,"_monsterinsights_sitenote_note":"","_monsterinsights_sitenote_category":0},"product_brand":[],"product_cat":[107],"product_tag":[],"class_list":{"0":"post-10775","1":"product","2":"type-product","3":"status-publish","4":"has-post-thumbnail","6":"product_cat-tapis","8":"first","9":"instock","10":"sold-individually","11":"taxable","12":"shipping-taxable","13":"purchasable","14":"product-type-simple"},"aioseo_notices":[],"_links":{"self":[{"href":"https:\/\/artisan-all.com\/en\/wp-json\/wp\/v2\/product\/10775","targetHints":{"allow":["GET"]}}],"collection":[{"href":"https:\/\/artisan-all.com\/en\/wp-json\/wp\/v2\/product"}],"about":[{"href":"https:\/\/artisan-all.com\/en\/wp-json\/wp\/v2\/types\/product"}],"wp:featuredmedia":[{"embeddable":true,"href":"https:\/\/artisan-all.com\/en\/wp-json\/wp\/v2\/media\/10767"}],"wp:attachment":[{"href":"https:\/\/artisan-all.com\/en\/wp-json\/wp\/v2\/media?parent=10775"}],"wp:term":[{"taxonomy":"product_brand","embeddable":true,"href":"https:\/\/artisan-all.com\/en\/wp-json\/wp\/v2\/product_brand?post=10775"},{"taxonomy":"product_cat","embeddable":true,"href":"https:\/\/artisan-all.com\/en\/wp-json\/wp\/v2\/product_cat?post=10775"},{"taxonomy":"product_tag","embeddable":true,"href":"https:\/\/artisan-all.com\/en\/wp-json\/wp\/v2\/product_tag?post=10775"}],"curies":[{"name":"wp","href":"https:\/\/api.w.org\/{rel}","templated":true}]}}