{"id":10774,"date":"2025-06-05T11:09:54","date_gmt":"2025-06-05T11:09:54","guid":{"rendered":"https:\/\/artisan-all.com\/?post_type=product&#038;p=10774"},"modified":"2025-08-15T17:32:20","modified_gmt":"2025-08-15T17:32:20","slug":"kubana","status":"publish","type":"product","link":"https:\/\/artisan-all.com\/en\/product\/kubana\/","title":{"rendered":"KUBANA"},"content":{"rendered":"<p>Ce tapis en teintes naturelles (beige, brun, ocre) est parfait pour une ambiance apaisante. Il est tiss\u00e9 \u00e0 la main selon un savoir-faire africain transmis de g\u00e9n\u00e9ration en g\u00e9n\u00e9ration.<\/p>","protected":false},"excerpt":{"rendered":"<p>Tapis africain doux, tons naturels.<\/p>","protected":false},"featured_media":10765,"template":"","meta":{"om_disable_all_campaigns":false,"_monsterinsights_skip_tracking":false,"_monsterinsights_sitenote_active":false,"_monsterinsights_sitenote_note":"","_monsterinsights_sitenote_category":0},"product_brand":[],"product_cat":[107],"product_tag":[],"class_list":{"0":"post-10774","1":"product","2":"type-product","3":"status-publish","4":"has-post-thumbnail","6":"product_cat-tapis","8":"first","9":"instock","10":"sold-individually","11":"taxable","12":"shipping-taxable","13":"purchasable","14":"product-type-simple"},"aioseo_notices":[],"_links":{"self":[{"href":"https:\/\/artisan-all.com\/en\/wp-json\/wp\/v2\/product\/10774","targetHints":{"allow":["GET"]}}],"collection":[{"href":"https:\/\/artisan-all.com\/en\/wp-json\/wp\/v2\/product"}],"about":[{"href":"https:\/\/artisan-all.com\/en\/wp-json\/wp\/v2\/types\/product"}],"wp:featuredmedia":[{"embeddable":true,"href":"https:\/\/artisan-all.com\/en\/wp-json\/wp\/v2\/media\/10765"}],"wp:attachment":[{"href":"https:\/\/artisan-all.com\/en\/wp-json\/wp\/v2\/media?parent=10774"}],"wp:term":[{"taxonomy":"product_brand","embeddable":true,"href":"https:\/\/artisan-all.com\/en\/wp-json\/wp\/v2\/product_brand?post=10774"},{"taxonomy":"product_cat","embeddable":true,"href":"https:\/\/artisan-all.com\/en\/wp-json\/wp\/v2\/product_cat?post=10774"},{"taxonomy":"product_tag","embeddable":true,"href":"https:\/\/artisan-all.com\/en\/wp-json\/wp\/v2\/product_tag?post=10774"}],"curies":[{"name":"wp","href":"https:\/\/api.w.org\/{rel}","templated":true}]}}