{"id":10772,"date":"2025-06-05T11:07:09","date_gmt":"2025-06-05T11:07:09","guid":{"rendered":"https:\/\/artisan-all.com\/?post_type=product&#038;p=10772"},"modified":"2025-08-15T17:08:51","modified_gmt":"2025-08-15T17:08:51","slug":"zigza","status":"publish","type":"product","link":"https:\/\/artisan-all.com\/en\/product\/zigza\/","title":{"rendered":"ZIGZA"},"content":{"rendered":"<p>Tiss\u00e9 \u00e0 la main par des femmes dans une coop\u00e9rative locale, ce tapis incarne le travail collectif, la fiert\u00e9 et la r\u00e9silience. Il est bien plus qu\u2019un objet : c\u2019est un t\u00e9moignage vivant.<\/p>","protected":false},"excerpt":{"rendered":"<p>Tapis traditionnel africain, fait avec passion.<\/p>","protected":false},"featured_media":10761,"template":"","meta":{"om_disable_all_campaigns":false,"_monsterinsights_skip_tracking":false,"_monsterinsights_sitenote_active":false,"_monsterinsights_sitenote_note":"","_monsterinsights_sitenote_category":0},"product_brand":[],"product_cat":[107],"product_tag":[],"class_list":{"0":"post-10772","1":"product","2":"type-product","3":"status-publish","4":"has-post-thumbnail","6":"product_cat-tapis","8":"first","9":"instock","10":"sold-individually","11":"taxable","12":"shipping-taxable","13":"purchasable","14":"product-type-simple"},"aioseo_notices":[],"_links":{"self":[{"href":"https:\/\/artisan-all.com\/en\/wp-json\/wp\/v2\/product\/10772","targetHints":{"allow":["GET"]}}],"collection":[{"href":"https:\/\/artisan-all.com\/en\/wp-json\/wp\/v2\/product"}],"about":[{"href":"https:\/\/artisan-all.com\/en\/wp-json\/wp\/v2\/types\/product"}],"wp:featuredmedia":[{"embeddable":true,"href":"https:\/\/artisan-all.com\/en\/wp-json\/wp\/v2\/media\/10761"}],"wp:attachment":[{"href":"https:\/\/artisan-all.com\/en\/wp-json\/wp\/v2\/media?parent=10772"}],"wp:term":[{"taxonomy":"product_brand","embeddable":true,"href":"https:\/\/artisan-all.com\/en\/wp-json\/wp\/v2\/product_brand?post=10772"},{"taxonomy":"product_cat","embeddable":true,"href":"https:\/\/artisan-all.com\/en\/wp-json\/wp\/v2\/product_cat?post=10772"},{"taxonomy":"product_tag","embeddable":true,"href":"https:\/\/artisan-all.com\/en\/wp-json\/wp\/v2\/product_tag?post=10772"}],"curies":[{"name":"wp","href":"https:\/\/api.w.org\/{rel}","templated":true}]}}