{"id":10745,"date":"2025-06-05T10:03:07","date_gmt":"2025-06-05T10:03:07","guid":{"rendered":"https:\/\/artisan-all.com\/?post_type=product&#038;p=10745"},"modified":"2025-08-15T09:13:20","modified_gmt":"2025-08-15T09:13:20","slug":"bague-17","status":"publish","type":"product","link":"https:\/\/artisan-all.com\/en\/product\/bague-17\/","title":{"rendered":"BRISE AZUR (cristal bleu et jade blanc)"},"content":{"rendered":"<p>Cette bague artisanale, compos\u00e9e de perles color\u00e9es, incarne un esprit boh\u00e8me joyeux et libre. Un bijou qui apporte une touche d\u2019originalit\u00e9 et de l\u00e9g\u00e8ret\u00e9 \u00e0 votre tenue.<\/p>","protected":false},"excerpt":{"rendered":"<p>Bague en perles artisanales, esprit boh\u00e8me color\u00e9.<\/p>","protected":false},"featured_media":10729,"template":"","meta":{"om_disable_all_campaigns":false,"_monsterinsights_skip_tracking":false,"_monsterinsights_sitenote_active":false,"_monsterinsights_sitenote_note":"","_monsterinsights_sitenote_category":0},"product_brand":[],"product_cat":[71,63],"product_tag":[],"class_list":{"0":"post-10745","1":"product","2":"type-product","3":"status-publish","4":"has-post-thumbnail","6":"product_cat-bagues","7":"product_cat-bijoux","9":"first","10":"instock","11":"sold-individually","12":"taxable","13":"shipping-taxable","14":"purchasable","15":"product-type-simple"},"aioseo_notices":[],"_links":{"self":[{"href":"https:\/\/artisan-all.com\/en\/wp-json\/wp\/v2\/product\/10745","targetHints":{"allow":["GET"]}}],"collection":[{"href":"https:\/\/artisan-all.com\/en\/wp-json\/wp\/v2\/product"}],"about":[{"href":"https:\/\/artisan-all.com\/en\/wp-json\/wp\/v2\/types\/product"}],"wp:featuredmedia":[{"embeddable":true,"href":"https:\/\/artisan-all.com\/en\/wp-json\/wp\/v2\/media\/10729"}],"wp:attachment":[{"href":"https:\/\/artisan-all.com\/en\/wp-json\/wp\/v2\/media?parent=10745"}],"wp:term":[{"taxonomy":"product_brand","embeddable":true,"href":"https:\/\/artisan-all.com\/en\/wp-json\/wp\/v2\/product_brand?post=10745"},{"taxonomy":"product_cat","embeddable":true,"href":"https:\/\/artisan-all.com\/en\/wp-json\/wp\/v2\/product_cat?post=10745"},{"taxonomy":"product_tag","embeddable":true,"href":"https:\/\/artisan-all.com\/en\/wp-json\/wp\/v2\/product_tag?post=10745"}],"curies":[{"name":"wp","href":"https:\/\/api.w.org\/{rel}","templated":true}]}}