{"id":10738,"date":"2025-06-05T09:57:14","date_gmt":"2025-06-05T09:57:14","guid":{"rendered":"https:\/\/artisan-all.com\/?post_type=product&#038;p=10738"},"modified":"2025-08-15T09:23:57","modified_gmt":"2025-08-15T09:23:57","slug":"bague-10","status":"publish","type":"product","link":"https:\/\/artisan-all.com\/en\/product\/bague-10\/","title":{"rendered":"EVEIL DU COEUR (jade rouge)"},"content":{"rendered":"<p>Fabriqu\u00e9e artisanalement, cette bague en perles multicolores allie l\u00e9g\u00e8ret\u00e9 et \u00e9l\u00e9gance. Son design vibrant apporte une note joyeuse et estivale \u00e0 votre look quotidien.<\/p>","protected":false},"excerpt":{"rendered":"<p>Bague en perles multicolores, l\u00e9g\u00e8re et tendance.<\/p>","protected":false},"featured_media":10714,"template":"","meta":{"om_disable_all_campaigns":false,"_monsterinsights_skip_tracking":false,"_monsterinsights_sitenote_active":false,"_monsterinsights_sitenote_note":"","_monsterinsights_sitenote_category":0},"product_brand":[],"product_cat":[71,63],"product_tag":[],"class_list":{"0":"post-10738","1":"product","2":"type-product","3":"status-publish","4":"has-post-thumbnail","6":"product_cat-bagues","7":"product_cat-bijoux","9":"first","10":"instock","11":"sold-individually","12":"taxable","13":"shipping-taxable","14":"purchasable","15":"product-type-simple"},"aioseo_notices":[],"_links":{"self":[{"href":"https:\/\/artisan-all.com\/en\/wp-json\/wp\/v2\/product\/10738","targetHints":{"allow":["GET"]}}],"collection":[{"href":"https:\/\/artisan-all.com\/en\/wp-json\/wp\/v2\/product"}],"about":[{"href":"https:\/\/artisan-all.com\/en\/wp-json\/wp\/v2\/types\/product"}],"wp:featuredmedia":[{"embeddable":true,"href":"https:\/\/artisan-all.com\/en\/wp-json\/wp\/v2\/media\/10714"}],"wp:attachment":[{"href":"https:\/\/artisan-all.com\/en\/wp-json\/wp\/v2\/media?parent=10738"}],"wp:term":[{"taxonomy":"product_brand","embeddable":true,"href":"https:\/\/artisan-all.com\/en\/wp-json\/wp\/v2\/product_brand?post=10738"},{"taxonomy":"product_cat","embeddable":true,"href":"https:\/\/artisan-all.com\/en\/wp-json\/wp\/v2\/product_cat?post=10738"},{"taxonomy":"product_tag","embeddable":true,"href":"https:\/\/artisan-all.com\/en\/wp-json\/wp\/v2\/product_tag?post=10738"}],"curies":[{"name":"wp","href":"https:\/\/api.w.org\/{rel}","templated":true}]}}