{"id":10730,"date":"2025-06-05T09:32:47","date_gmt":"2025-06-05T09:32:47","guid":{"rendered":"https:\/\/artisan-all.com\/?post_type=product&#038;p=10730"},"modified":"2025-08-15T09:10:31","modified_gmt":"2025-08-15T09:10:31","slug":"bague-2","status":"publish","type":"product","link":"https:\/\/artisan-all.com\/en\/product\/bague-2\/","title":{"rendered":"LUMIERE DE SOIE (quartz rose)"},"content":{"rendered":"<p data-start=\"2978\" data-end=\"3254\">Chaque perle de cette bague est choisie avec soin pour cr\u00e9er une harmonie parfaite de couleurs lumineuses. Fabriqu\u00e9e \u00e0 la main, elle refl\u00e8te la passion et le savoir-faire de l\u2019artisan.<\/p>","protected":false},"excerpt":{"rendered":"<p>Bague artisanale en perles roses, nuances harmonieuses et lumineuses.<\/p>","protected":false},"featured_media":10698,"template":"","meta":{"om_disable_all_campaigns":false,"_monsterinsights_skip_tracking":false,"_monsterinsights_sitenote_active":false,"_monsterinsights_sitenote_note":"","_monsterinsights_sitenote_category":0},"product_brand":[],"product_cat":[71,63],"product_tag":[],"class_list":{"0":"post-10730","1":"product","2":"type-product","3":"status-publish","4":"has-post-thumbnail","6":"product_cat-bagues","7":"product_cat-bijoux","9":"first","10":"instock","11":"sold-individually","12":"taxable","13":"shipping-taxable","14":"purchasable","15":"product-type-simple"},"aioseo_notices":[],"_links":{"self":[{"href":"https:\/\/artisan-all.com\/en\/wp-json\/wp\/v2\/product\/10730","targetHints":{"allow":["GET"]}}],"collection":[{"href":"https:\/\/artisan-all.com\/en\/wp-json\/wp\/v2\/product"}],"about":[{"href":"https:\/\/artisan-all.com\/en\/wp-json\/wp\/v2\/types\/product"}],"wp:featuredmedia":[{"embeddable":true,"href":"https:\/\/artisan-all.com\/en\/wp-json\/wp\/v2\/media\/10698"}],"wp:attachment":[{"href":"https:\/\/artisan-all.com\/en\/wp-json\/wp\/v2\/media?parent=10730"}],"wp:term":[{"taxonomy":"product_brand","embeddable":true,"href":"https:\/\/artisan-all.com\/en\/wp-json\/wp\/v2\/product_brand?post=10730"},{"taxonomy":"product_cat","embeddable":true,"href":"https:\/\/artisan-all.com\/en\/wp-json\/wp\/v2\/product_cat?post=10730"},{"taxonomy":"product_tag","embeddable":true,"href":"https:\/\/artisan-all.com\/en\/wp-json\/wp\/v2\/product_tag?post=10730"}],"curies":[{"name":"wp","href":"https:\/\/api.w.org\/{rel}","templated":true}]}}