{"id":10652,"date":"2025-06-04T11:50:14","date_gmt":"2025-06-04T11:50:14","guid":{"rendered":"https:\/\/artisan-all.com\/?post_type=product&#038;p=10652"},"modified":"2025-06-25T14:09:23","modified_gmt":"2025-06-25T14:09:23","slug":"eva-bleu-jade-bleu","status":"publish","type":"product","link":"https:\/\/artisan-all.com\/en\/product\/eva-bleu-jade-bleu\/","title":{"rendered":"EVA BLEU (jade bleu)"},"content":{"rendered":"<p data-start=\"179\" data-end=\"603\">Ce bracelet artisanal en jade bleu r\u00e9v\u00e8le une pierre pr\u00e9cieuse aux nuances apaisantes et profondes. Chaque perle est polie avec soin et mont\u00e9e \u00e0 la main, cr\u00e9ant un bijou raffin\u00e9 qui \u00e9voque calme, \u00e9quilibre et sagesse. Le jade bleu est reconnu pour ses vertus favorisant la tranquillit\u00e9 d\u2019esprit et la clart\u00e9 \u00e9motionnelle. Un accessoire naturel parfait pour allier beaut\u00e9 et bien-\u00eatre au quotidien.<\/p>\n<p>&nbsp;<\/p>","protected":false},"excerpt":{"rendered":"<p data-start=\"91\" data-end=\"172\">Bracelet en jade bleu fait main, \u00e9l\u00e9gance et s\u00e9r\u00e9nit\u00e9.<\/p>","protected":false},"featured_media":10955,"template":"","meta":{"om_disable_all_campaigns":false,"_monsterinsights_skip_tracking":false,"_monsterinsights_sitenote_active":false,"_monsterinsights_sitenote_note":"","_monsterinsights_sitenote_category":0},"product_brand":[],"product_cat":[63,73],"product_tag":[],"class_list":{"0":"post-10652","1":"product","2":"type-product","3":"status-publish","4":"has-post-thumbnail","6":"product_cat-bijoux","7":"product_cat-bracelets","9":"first","10":"instock","11":"sold-individually","12":"taxable","13":"shipping-taxable","14":"purchasable","15":"product-type-simple"},"aioseo_notices":[],"_links":{"self":[{"href":"https:\/\/artisan-all.com\/en\/wp-json\/wp\/v2\/product\/10652","targetHints":{"allow":["GET"]}}],"collection":[{"href":"https:\/\/artisan-all.com\/en\/wp-json\/wp\/v2\/product"}],"about":[{"href":"https:\/\/artisan-all.com\/en\/wp-json\/wp\/v2\/types\/product"}],"wp:featuredmedia":[{"embeddable":true,"href":"https:\/\/artisan-all.com\/en\/wp-json\/wp\/v2\/media\/10955"}],"wp:attachment":[{"href":"https:\/\/artisan-all.com\/en\/wp-json\/wp\/v2\/media?parent=10652"}],"wp:term":[{"taxonomy":"product_brand","embeddable":true,"href":"https:\/\/artisan-all.com\/en\/wp-json\/wp\/v2\/product_brand?post=10652"},{"taxonomy":"product_cat","embeddable":true,"href":"https:\/\/artisan-all.com\/en\/wp-json\/wp\/v2\/product_cat?post=10652"},{"taxonomy":"product_tag","embeddable":true,"href":"https:\/\/artisan-all.com\/en\/wp-json\/wp\/v2\/product_tag?post=10652"}],"curies":[{"name":"wp","href":"https:\/\/api.w.org\/{rel}","templated":true}]}}