{"id":10642,"date":"2025-06-04T11:13:59","date_gmt":"2025-06-04T11:13:59","guid":{"rendered":"https:\/\/artisan-all.com\/?post_type=product&#038;p=10642"},"modified":"2025-09-25T12:42:52","modified_gmt":"2025-09-25T12:42:52","slug":"collier-en-perles-de-malachite-rectangulaire","status":"publish","type":"product","link":"https:\/\/artisan-all.com\/en\/product\/collier-en-perles-de-malachite-rectangulaire\/","title":{"rendered":"NALA (perle de culture et malachite)"},"content":{"rendered":"<p>Ce collier unique marie l\u2019intensit\u00e9 verte de la malachite \u00e0 la douceur nacr\u00e9e des perles de culture,<br \/>\ncr\u00e9ant une harmonie parfaite entre force et f\u00e9minit\u00e9. Chaque perle est soigneusement s\u00e9lectionn\u00e9e<br \/>\npour sa brillance naturelle, tandis que la malachite r\u00e9v\u00e8le ses magnifiques motifs vein\u00e9s, symboles de<br \/>\ntransformation et de protection. \u00c0 porter seul ou en accumulation, pour un look naturel et<br \/>\nauthentique.<br \/>\nCaract\u00e9ristique :<br \/>\n\u2013Mati\u00e8re : pierre semi pr\u00e9cieuse Malachite et perle de Culture<br \/>\n\u2013origine des perles : R\u00e9publique d\u00e9mocratique du Congo et Maroc<br \/>\n\u2013dimension : 44 cm (chaine ajustable+ 5 cm)<br \/>\n\u2013propri\u00e9t\u00e9 : Soutien au syst\u00e8me immunitaire et nerveux, soulagement des douleurs, favorise<br \/>\nla conscience de soi, l\u2019intuition et l\u2019ouverture du c\u0153ur, puret\u00e9, s\u00e9r\u00e9nit\u00e9 et sagesse.<br \/>\n\u2013fait au Maroc<\/p>","protected":false},"excerpt":{"rendered":"<p>Collier en malachite et perle de culture, alliance raffin\u00e9e de couleurs et de mati\u00e8res naturelles.<\/p>","protected":false},"featured_media":11051,"template":"","meta":{"om_disable_all_campaigns":false,"_monsterinsights_skip_tracking":false,"_monsterinsights_sitenote_active":false,"_monsterinsights_sitenote_note":"","_monsterinsights_sitenote_category":0},"product_brand":[],"product_cat":[63,72],"product_tag":[],"class_list":{"0":"post-10642","1":"product","2":"type-product","3":"status-publish","4":"has-post-thumbnail","6":"product_cat-bijoux","7":"product_cat-colliers","9":"first","10":"instock","11":"sold-individually","12":"taxable","13":"shipping-taxable","14":"purchasable","15":"product-type-simple"},"aioseo_notices":[],"_links":{"self":[{"href":"https:\/\/artisan-all.com\/en\/wp-json\/wp\/v2\/product\/10642","targetHints":{"allow":["GET"]}}],"collection":[{"href":"https:\/\/artisan-all.com\/en\/wp-json\/wp\/v2\/product"}],"about":[{"href":"https:\/\/artisan-all.com\/en\/wp-json\/wp\/v2\/types\/product"}],"wp:featuredmedia":[{"embeddable":true,"href":"https:\/\/artisan-all.com\/en\/wp-json\/wp\/v2\/media\/11051"}],"wp:attachment":[{"href":"https:\/\/artisan-all.com\/en\/wp-json\/wp\/v2\/media?parent=10642"}],"wp:term":[{"taxonomy":"product_brand","embeddable":true,"href":"https:\/\/artisan-all.com\/en\/wp-json\/wp\/v2\/product_brand?post=10642"},{"taxonomy":"product_cat","embeddable":true,"href":"https:\/\/artisan-all.com\/en\/wp-json\/wp\/v2\/product_cat?post=10642"},{"taxonomy":"product_tag","embeddable":true,"href":"https:\/\/artisan-all.com\/en\/wp-json\/wp\/v2\/product_tag?post=10642"}],"curies":[{"name":"wp","href":"https:\/\/api.w.org\/{rel}","templated":true}]}}