{"id":10637,"date":"2025-06-04T11:07:05","date_gmt":"2025-06-04T11:07:05","guid":{"rendered":"https:\/\/artisan-all.com\/?post_type=product&#038;p=10637"},"modified":"2025-09-25T12:21:59","modified_gmt":"2025-09-25T12:21:59","slug":"bracelet-en-turquoise-et-perle-de-culture-avec-pendentif-coq","status":"publish","type":"product","link":"https:\/\/artisan-all.com\/en\/product\/bracelet-en-turquoise-et-perle-de-culture-avec-pendentif-coq\/","title":{"rendered":"TAYMA ( turquoise et perle de culture)"},"content":{"rendered":"<p>Un bracelet \u00e9l\u00e9gant et plein de caract\u00e8re, m\u00ealant la puret\u00e9 nacr\u00e9e des perles de culture \u00e0 la<br \/>\nfra\u00eecheur protectrice de la turquoise, rehauss\u00e9 d\u2019un pendentif en forme de pi\u00e8ce de monnaie<br \/>\ngrav\u00e9e d\u2019un coq, symbole de force, de vigilance et de renouveau.<br \/>\nCaract\u00e9ristique :<br \/>\n\u2013Mati\u00e8re : pierre semi pr\u00e9cieuse Turquoise et perle de Culture<br \/>\n\u2013origine des perles : R\u00e9publique d\u00e9mocratique du Congo et Maroc<br \/>\n\u2013dimension : 17 cm (chaine ajustable+ 5 cm)<br \/>\n\u2013propri\u00e9t\u00e9 : protection, apaisement \u00e9motionnel, communication, \u00e9quilibre, sagesse,<br \/>\nf\u00e9minit\u00e9 et courage.<br \/>\n\u2013fait au Maroc<\/p>","protected":false},"excerpt":{"rendered":"<p data-start=\"228\" data-end=\"325\">Bracelet en turquoise et perle de culture avec pendentif coq, symbole d\u2019\u00e9l\u00e9gance et de caract\u00e8re.<\/p>\n<p data-start=\"2008\" data-end=\"2103\">","protected":false},"featured_media":10903,"template":"","meta":{"om_disable_all_campaigns":false,"_monsterinsights_skip_tracking":false,"_monsterinsights_sitenote_active":false,"_monsterinsights_sitenote_note":"","_monsterinsights_sitenote_category":0},"product_brand":[],"product_cat":[63,73],"product_tag":[],"class_list":{"0":"post-10637","1":"product","2":"type-product","3":"status-publish","4":"has-post-thumbnail","6":"product_cat-bijoux","7":"product_cat-bracelets","9":"first","10":"instock","11":"sold-individually","12":"taxable","13":"shipping-taxable","14":"purchasable","15":"product-type-simple"},"aioseo_notices":[],"_links":{"self":[{"href":"https:\/\/artisan-all.com\/en\/wp-json\/wp\/v2\/product\/10637","targetHints":{"allow":["GET"]}}],"collection":[{"href":"https:\/\/artisan-all.com\/en\/wp-json\/wp\/v2\/product"}],"about":[{"href":"https:\/\/artisan-all.com\/en\/wp-json\/wp\/v2\/types\/product"}],"wp:featuredmedia":[{"embeddable":true,"href":"https:\/\/artisan-all.com\/en\/wp-json\/wp\/v2\/media\/10903"}],"wp:attachment":[{"href":"https:\/\/artisan-all.com\/en\/wp-json\/wp\/v2\/media?parent=10637"}],"wp:term":[{"taxonomy":"product_brand","embeddable":true,"href":"https:\/\/artisan-all.com\/en\/wp-json\/wp\/v2\/product_brand?post=10637"},{"taxonomy":"product_cat","embeddable":true,"href":"https:\/\/artisan-all.com\/en\/wp-json\/wp\/v2\/product_cat?post=10637"},{"taxonomy":"product_tag","embeddable":true,"href":"https:\/\/artisan-all.com\/en\/wp-json\/wp\/v2\/product_tag?post=10637"}],"curies":[{"name":"wp","href":"https:\/\/api.w.org\/{rel}","templated":true}]}}