{"id":10629,"date":"2025-06-04T09:32:35","date_gmt":"2025-06-04T09:32:35","guid":{"rendered":"https:\/\/artisan-all.com\/?post_type=product&#038;p=10629"},"modified":"2025-06-25T14:11:21","modified_gmt":"2025-06-25T14:11:21","slug":"bracelet-en-turquoise-et-separateur-rond","status":"publish","type":"product","link":"https:\/\/artisan-all.com\/en\/product\/bracelet-en-turquoise-et-separateur-rond\/","title":{"rendered":"EVA BLEU (jade bleu grosses perles)"},"content":{"rendered":"<p data-start=\"669\" data-end=\"1096\">Mariage de simplicit\u00e9 et de raffinement, ce bracelet en turquoise est sublim\u00e9 par un s\u00e9parateur rond qui structure l\u2019ensemble avec subtilit\u00e9. Les nuances bleut\u00e9es de la pierre jade bleu apportent fra\u00eecheur et s\u00e9r\u00e9nit\u00e9, tandis que l\u2019\u00e9l\u00e9ment central cr\u00e9e un rythme harmonieux. Un bijou \u00e9l\u00e9gant et moderne, pens\u00e9 pour accompagner vos tenues quotidiennes avec discr\u00e9tion et style.<\/p>\n<p data-start=\"1098\" data-end=\"1553\">","protected":false},"excerpt":{"rendered":"<p data-start=\"1202\" data-end=\"1294\">Bracelet en grosses perles de jade bleu, avec s\u00e9parateur rond, une touche d\u2019\u00e9quilibre au design \u00e9pur\u00e9.<\/p>\n<p data-start=\"2008\" data-end=\"2103\">","protected":false},"featured_media":10883,"template":"","meta":{"om_disable_all_campaigns":false,"_monsterinsights_skip_tracking":false,"_monsterinsights_sitenote_active":false,"_monsterinsights_sitenote_note":"","_monsterinsights_sitenote_category":0},"product_brand":[],"product_cat":[63,73],"product_tag":[],"class_list":{"0":"post-10629","1":"product","2":"type-product","3":"status-publish","4":"has-post-thumbnail","6":"product_cat-bijoux","7":"product_cat-bracelets","9":"first","10":"instock","11":"sold-individually","12":"taxable","13":"shipping-taxable","14":"purchasable","15":"product-type-simple"},"aioseo_notices":[],"_links":{"self":[{"href":"https:\/\/artisan-all.com\/en\/wp-json\/wp\/v2\/product\/10629","targetHints":{"allow":["GET"]}}],"collection":[{"href":"https:\/\/artisan-all.com\/en\/wp-json\/wp\/v2\/product"}],"about":[{"href":"https:\/\/artisan-all.com\/en\/wp-json\/wp\/v2\/types\/product"}],"wp:featuredmedia":[{"embeddable":true,"href":"https:\/\/artisan-all.com\/en\/wp-json\/wp\/v2\/media\/10883"}],"wp:attachment":[{"href":"https:\/\/artisan-all.com\/en\/wp-json\/wp\/v2\/media?parent=10629"}],"wp:term":[{"taxonomy":"product_brand","embeddable":true,"href":"https:\/\/artisan-all.com\/en\/wp-json\/wp\/v2\/product_brand?post=10629"},{"taxonomy":"product_cat","embeddable":true,"href":"https:\/\/artisan-all.com\/en\/wp-json\/wp\/v2\/product_cat?post=10629"},{"taxonomy":"product_tag","embeddable":true,"href":"https:\/\/artisan-all.com\/en\/wp-json\/wp\/v2\/product_tag?post=10629"}],"curies":[{"name":"wp","href":"https:\/\/api.w.org\/{rel}","templated":true}]}}