{"id":10628,"date":"2025-06-04T09:29:35","date_gmt":"2025-06-04T09:29:35","guid":{"rendered":"https:\/\/artisan-all.com\/?post_type=product&#038;p=10628"},"modified":"2025-09-26T10:47:03","modified_gmt":"2025-09-26T10:47:03","slug":"bracelet-en-turquoise-et-jade-rouge-avec-elastique","status":"publish","type":"product","link":"https:\/\/artisan-all.com\/en\/product\/bracelet-en-turquoise-et-jade-rouge-avec-elastique\/","title":{"rendered":"LAYNA (turquoise et jade rouge)"},"content":{"rendered":"<p data-start=\"669\" data-end=\"1096\">Un bracelet aux couleurs puissantes qui allie la protection douce de la turquoise \u00e0 l\u2019\u00e9nergie<br \/>\nvivifiante du jade rouge. Le tout est compl\u00e9t\u00e9 par un fermoir en acier inoxydable, robuste et<br \/>\n\u00e9l\u00e9gant, pour un maintien s\u00fbr et durable<br \/>\nCaract\u00e9ristique :<br \/>\n\u2013Mati\u00e8re : pierre semi pr\u00e9cieuse Turquoise et jade rouge<br \/>\n\u2013origine des perles : R\u00e9publique d\u00e9mocratique du Congo et Maroc<br \/>\n\u2013dimension : 17 cm (chaine ajustable+ 5 cm)<br \/>\n\u2013propri\u00e9t\u00e9 : protection, apaisement \u00e9motionnel, communication, \u00e9quilibre et courage.<br \/>\n\u2013fait au Maroc<\/p>\n<p data-start=\"1098\" data-end=\"1553\">","protected":false},"excerpt":{"rendered":"<p data-start=\"1202\" data-end=\"1294\">Bracelet \u00e9lastique en turquoise et jade rouge, alliant confort et \u00e9l\u00e9gance.<\/p>\n<p data-start=\"2008\" data-end=\"2103\">","protected":false},"featured_media":10899,"template":"","meta":{"om_disable_all_campaigns":false,"_monsterinsights_skip_tracking":false,"_monsterinsights_sitenote_active":false,"_monsterinsights_sitenote_note":"","_monsterinsights_sitenote_category":0},"product_brand":[],"product_cat":[63,73],"product_tag":[],"class_list":{"0":"post-10628","1":"product","2":"type-product","3":"status-publish","4":"has-post-thumbnail","6":"product_cat-bijoux","7":"product_cat-bracelets","9":"first","10":"instock","11":"sold-individually","12":"taxable","13":"shipping-taxable","14":"purchasable","15":"product-type-simple"},"aioseo_notices":[],"_links":{"self":[{"href":"https:\/\/artisan-all.com\/en\/wp-json\/wp\/v2\/product\/10628","targetHints":{"allow":["GET"]}}],"collection":[{"href":"https:\/\/artisan-all.com\/en\/wp-json\/wp\/v2\/product"}],"about":[{"href":"https:\/\/artisan-all.com\/en\/wp-json\/wp\/v2\/types\/product"}],"wp:featuredmedia":[{"embeddable":true,"href":"https:\/\/artisan-all.com\/en\/wp-json\/wp\/v2\/media\/10899"}],"wp:attachment":[{"href":"https:\/\/artisan-all.com\/en\/wp-json\/wp\/v2\/media?parent=10628"}],"wp:term":[{"taxonomy":"product_brand","embeddable":true,"href":"https:\/\/artisan-all.com\/en\/wp-json\/wp\/v2\/product_brand?post=10628"},{"taxonomy":"product_cat","embeddable":true,"href":"https:\/\/artisan-all.com\/en\/wp-json\/wp\/v2\/product_cat?post=10628"},{"taxonomy":"product_tag","embeddable":true,"href":"https:\/\/artisan-all.com\/en\/wp-json\/wp\/v2\/product_tag?post=10628"}],"curies":[{"name":"wp","href":"https:\/\/api.w.org\/{rel}","templated":true}]}}