{"id":10625,"date":"2025-06-04T09:20:20","date_gmt":"2025-06-04T09:20:20","guid":{"rendered":"https:\/\/artisan-all.com\/?post_type=product&#038;p=10625"},"modified":"2025-09-26T10:41:43","modified_gmt":"2025-09-26T10:41:43","slug":"collier-en-turquoise-et-perle-jade-rouge-avec-pendentif-coeur","status":"publish","type":"product","link":"https:\/\/artisan-all.com\/en\/product\/collier-en-turquoise-et-perle-jade-rouge-avec-pendentif-coeur\/","title":{"rendered":"ZAYNA (turquoise et jade rouge)"},"content":{"rendered":"<p>Ce collier vibrant allie la puissance du jade rouge \u00e0 la douceur protectrice de la turquoise,<br \/>\nsublim\u00e9 par un pendentif en acier inoxydable en forme de c\u0153ur, symbole d\u2019amour et<br \/>\nd\u2019\u00e9nergie positive.<br \/>\nJade rouge : pierre de vitalit\u00e9, courage et passion, elle stimule la force int\u00e9rieure et l\u2019action.<br \/>\nTurquoise : favorise la s\u00e9r\u00e9nit\u00e9, la protection et la communication authentique.<br \/>\nUn bijou \u00e9l\u00e9gant et charg\u00e9 de sens, id\u00e9al pour porter pr\u00e8s du c\u0153ur \u00e9quilibre, amour et<br \/>\nconfiance au quotidien.<br \/>\nCaract\u00e9ristique :<br \/>\n\u2013Mati\u00e8re : pierre semi pr\u00e9cieuse Turquoise et jade rouge<br \/>\n\u2013origine des perles : R\u00e9publique d\u00e9mocratique du Congo et Maroc<br \/>\n\u2013dimension : 38 cm (chaine ajustable+ 5 cm)<br \/>\n\u2013propri\u00e9t\u00e9 : protection, apaisement \u00e9motionnel, communication, \u00e9quilibre et courage.<br \/>\n\u2013fait au Maroc<\/p>","protected":false},"excerpt":{"rendered":"<p data-start=\"1489\" data-end=\"1591\">Collier en turquoise et jade rouge avec pendentif c\u0153ur, symbole d\u2019amour et d\u2019\u00e9nergie.<\/p>\n<p data-start=\"2008\" data-end=\"2103\">","protected":false},"featured_media":11066,"template":"","meta":{"om_disable_all_campaigns":false,"_monsterinsights_skip_tracking":false,"_monsterinsights_sitenote_active":false,"_monsterinsights_sitenote_note":"","_monsterinsights_sitenote_category":0},"product_brand":[],"product_cat":[63,72],"product_tag":[],"class_list":{"0":"post-10625","1":"product","2":"type-product","3":"status-publish","4":"has-post-thumbnail","6":"product_cat-bijoux","7":"product_cat-colliers","9":"first","10":"instock","11":"sold-individually","12":"taxable","13":"shipping-taxable","14":"purchasable","15":"product-type-simple"},"aioseo_notices":[],"_links":{"self":[{"href":"https:\/\/artisan-all.com\/en\/wp-json\/wp\/v2\/product\/10625","targetHints":{"allow":["GET"]}}],"collection":[{"href":"https:\/\/artisan-all.com\/en\/wp-json\/wp\/v2\/product"}],"about":[{"href":"https:\/\/artisan-all.com\/en\/wp-json\/wp\/v2\/types\/product"}],"wp:featuredmedia":[{"embeddable":true,"href":"https:\/\/artisan-all.com\/en\/wp-json\/wp\/v2\/media\/11066"}],"wp:attachment":[{"href":"https:\/\/artisan-all.com\/en\/wp-json\/wp\/v2\/media?parent=10625"}],"wp:term":[{"taxonomy":"product_brand","embeddable":true,"href":"https:\/\/artisan-all.com\/en\/wp-json\/wp\/v2\/product_brand?post=10625"},{"taxonomy":"product_cat","embeddable":true,"href":"https:\/\/artisan-all.com\/en\/wp-json\/wp\/v2\/product_cat?post=10625"},{"taxonomy":"product_tag","embeddable":true,"href":"https:\/\/artisan-all.com\/en\/wp-json\/wp\/v2\/product_tag?post=10625"}],"curies":[{"name":"wp","href":"https:\/\/api.w.org\/{rel}","templated":true}]}}