{"id":10624,"date":"2025-06-04T09:17:44","date_gmt":"2025-06-04T09:17:44","guid":{"rendered":"https:\/\/artisan-all.com\/?post_type=product&#038;p=10624"},"modified":"2025-09-25T11:45:10","modified_gmt":"2025-09-25T11:45:10","slug":"collier-en-turquoise-et-perle-de-culture-avec-pendentif-en-turquoise","status":"publish","type":"product","link":"https:\/\/artisan-all.com\/en\/product\/collier-en-turquoise-et-perle-de-culture-avec-pendentif-en-turquoise\/","title":{"rendered":"CELESTIA (perle turquoise et perle de culture)"},"content":{"rendered":"<p data-start=\"669\" data-end=\"1096\">Un collier raffin\u00e9 qui marie l\u2019intensit\u00e9 naturelle de la turquoise \u00e0 la douceur nacr\u00e9e de deux<br \/>\nperles de culture, le tout sublim\u00e9 par un pendentif en acier inoxydable orn\u00e9 de turquoise.<br \/>\nUn bijou d\u00e9licat et lumineux, parfait pour celles qui cherchent \u00e0 allier \u00e9l\u00e9gance naturelle et<br \/>\n\u00e9nergie positive.<br \/>\nCaract\u00e9ristique :<br \/>\n\u2013Mati\u00e8re : pierre semi pr\u00e9cieuse Turquoise er perle de culture<br \/>\n\u2013origine des perles : R\u00e9publique d\u00e9mocratique du Congo et Maroc<br \/>\n\u2013dimension : 48 cm (chaine ajustable+ 5 cm)<br \/>\n\u2013propri\u00e9t\u00e9 : protection, apaisement \u00e9motionnel, communication, \u00e9quilibre, puret\u00e9 et<br \/>\nf\u00e9minit\u00e9.<br \/>\n\u2013fait au Maroc<\/p>\n<p data-start=\"1098\" data-end=\"1553\">","protected":false},"excerpt":{"rendered":"<p data-start=\"1691\" data-end=\"1779\">Collier en perles de culture et turquoise, orn\u00e9 d\u2019un pendentif assorti.<\/p>\n<p data-start=\"2008\" data-end=\"2103\">","protected":false},"featured_media":11128,"template":"","meta":{"om_disable_all_campaigns":false,"_monsterinsights_skip_tracking":false,"_monsterinsights_sitenote_active":false,"_monsterinsights_sitenote_note":"","_monsterinsights_sitenote_category":0},"product_brand":[],"product_cat":[63,72],"product_tag":[],"class_list":{"0":"post-10624","1":"product","2":"type-product","3":"status-publish","4":"has-post-thumbnail","6":"product_cat-bijoux","7":"product_cat-colliers","9":"first","10":"instock","11":"sold-individually","12":"taxable","13":"shipping-taxable","14":"purchasable","15":"product-type-simple"},"aioseo_notices":[],"_links":{"self":[{"href":"https:\/\/artisan-all.com\/en\/wp-json\/wp\/v2\/product\/10624","targetHints":{"allow":["GET"]}}],"collection":[{"href":"https:\/\/artisan-all.com\/en\/wp-json\/wp\/v2\/product"}],"about":[{"href":"https:\/\/artisan-all.com\/en\/wp-json\/wp\/v2\/types\/product"}],"wp:featuredmedia":[{"embeddable":true,"href":"https:\/\/artisan-all.com\/en\/wp-json\/wp\/v2\/media\/11128"}],"wp:attachment":[{"href":"https:\/\/artisan-all.com\/en\/wp-json\/wp\/v2\/media?parent=10624"}],"wp:term":[{"taxonomy":"product_brand","embeddable":true,"href":"https:\/\/artisan-all.com\/en\/wp-json\/wp\/v2\/product_brand?post=10624"},{"taxonomy":"product_cat","embeddable":true,"href":"https:\/\/artisan-all.com\/en\/wp-json\/wp\/v2\/product_cat?post=10624"},{"taxonomy":"product_tag","embeddable":true,"href":"https:\/\/artisan-all.com\/en\/wp-json\/wp\/v2\/product_tag?post=10624"}],"curies":[{"name":"wp","href":"https:\/\/api.w.org\/{rel}","templated":true}]}}