{"id":10622,"date":"2025-06-04T09:13:21","date_gmt":"2025-06-04T09:13:21","guid":{"rendered":"https:\/\/artisan-all.com\/?post_type=product&#038;p=10622"},"modified":"2025-09-25T11:40:26","modified_gmt":"2025-09-25T11:40:26","slug":"nooraya-howlite-cornaline-et-turquoise","status":"publish","type":"product","link":"https:\/\/artisan-all.com\/en\/product\/nooraya-howlite-cornaline-et-turquoise\/","title":{"rendered":"NOORAYA ( howlite, cornaline et turquoise)"},"content":{"rendered":"<p>Un bijou vibrant et symbolique, qui associe trois pierres aux \u00e9nergies compl\u00e9mentaires : la<br \/>\nturquoise apaisante, la howlite douce et \u00e9quilibrante, et la cornaline chaleureuse et<br \/>\ndynamisante. Le tout est sublim\u00e9 par un pendentif en forme de soleil en acier inoxydable,<br \/>\nsymbole de lumi\u00e8re, de force et de vitalit\u00e9.<br \/>\nUn collier aux couleurs puissantes et naturelles, pens\u00e9 pour r\u00e9\u00e9quilibrer l\u2019esprit tout en<br \/>\napportant une touche solaire \u00e0 votre style.<br \/>\nCaract\u00e9ristique :<br \/>\n\u2013Mati\u00e8re : pierre semi pr\u00e9cieuse Turquoise, Howlite et Cornaline<br \/>\n\u2013origine des perles : R\u00e9publique d\u00e9mocratique du Congo et Maroc<br \/>\n\u2013dimension : 37 cm (chaine ajustable+ 5 cm)<br \/>\n\u2013propri\u00e9t\u00e9 :protection, apaisement \u00e9motionnel, communication, \u00e9quilibre, sagesse et<br \/>\n\u00e9nergie vitale.<br \/>\n\u2013fait au Maroc<\/p>","protected":false},"excerpt":{"rendered":"<p data-start=\"1586\" data-end=\"1693\">Collier artisanal en turquoise, cornaline et howlite, orn\u00e9 d\u2019un pendentif soleil lumineux.<\/p>\n<p data-start=\"2008\" data-end=\"2103\">","protected":false},"featured_media":11069,"template":"","meta":{"om_disable_all_campaigns":false,"_monsterinsights_skip_tracking":false,"_monsterinsights_sitenote_active":false,"_monsterinsights_sitenote_note":"","_monsterinsights_sitenote_category":0},"product_brand":[],"product_cat":[63,72],"product_tag":[],"class_list":{"0":"post-10622","1":"product","2":"type-product","3":"status-publish","4":"has-post-thumbnail","6":"product_cat-bijoux","7":"product_cat-colliers","9":"first","10":"instock","11":"sold-individually","12":"taxable","13":"shipping-taxable","14":"purchasable","15":"product-type-simple"},"aioseo_notices":[],"_links":{"self":[{"href":"https:\/\/artisan-all.com\/en\/wp-json\/wp\/v2\/product\/10622","targetHints":{"allow":["GET"]}}],"collection":[{"href":"https:\/\/artisan-all.com\/en\/wp-json\/wp\/v2\/product"}],"about":[{"href":"https:\/\/artisan-all.com\/en\/wp-json\/wp\/v2\/types\/product"}],"wp:featuredmedia":[{"embeddable":true,"href":"https:\/\/artisan-all.com\/en\/wp-json\/wp\/v2\/media\/11069"}],"wp:attachment":[{"href":"https:\/\/artisan-all.com\/en\/wp-json\/wp\/v2\/media?parent=10622"}],"wp:term":[{"taxonomy":"product_brand","embeddable":true,"href":"https:\/\/artisan-all.com\/en\/wp-json\/wp\/v2\/product_brand?post=10622"},{"taxonomy":"product_cat","embeddable":true,"href":"https:\/\/artisan-all.com\/en\/wp-json\/wp\/v2\/product_cat?post=10622"},{"taxonomy":"product_tag","embeddable":true,"href":"https:\/\/artisan-all.com\/en\/wp-json\/wp\/v2\/product_tag?post=10622"}],"curies":[{"name":"wp","href":"https:\/\/api.w.org\/{rel}","templated":true}]}}