{"id":10621,"date":"2025-06-04T09:04:58","date_gmt":"2025-06-04T09:04:58","guid":{"rendered":"https:\/\/artisan-all.com\/?post_type=product&#038;p=10621"},"modified":"2025-09-25T11:32:41","modified_gmt":"2025-09-25T11:32:41","slug":"collier-en-turquoise-et-perle-de-culture","status":"publish","type":"product","link":"https:\/\/artisan-all.com\/en\/product\/collier-en-turquoise-et-perle-de-culture\/","title":{"rendered":"TAFSUT (perle de culture et turquoise)"},"content":{"rendered":"<p>Un bijou d\u00e9licat qui marie la beaut\u00e9 brute de la turquoise \u00e0 la douceur intemporelle d\u2019une<br \/>\nperle de culture. Cette combinaison unique \u00e9voque \u00e0 la fois la force de la nature et la gr\u00e2ce<br \/>\nclassique. La turquoise, pierre de protection et d\u2019apaisement, favorise la communication et<br \/>\nl\u2019harmonie int\u00e9rieure. La perle de culture, symbole de puret\u00e9 et de f\u00e9minit\u00e9<br \/>\nUn collier raffin\u00e9 et \u00e9quilibr\u00e9, \u00e0 porter au quotidien ou pour sublimer une tenue avec<br \/>\ndiscr\u00e9tion et caract\u00e8re.<br \/>\nCaract\u00e9ristique :<br \/>\n\u2013Mati\u00e8re : pierre semi pr\u00e9cieuse Turquoise et perle de culture<br \/>\n\u2013origine des perles : R\u00e9publique d\u00e9mocratique du Congo et Maroc<br \/>\n\u2013dimension : 40 cm (chaine ajustable+ 5 cm)<br \/>\n\u2013propri\u00e9t\u00e9 :protection, apaisement \u00e9motionnel, communication, \u00e9quilibre, puret\u00e9 et<br \/>\nf\u00e9minit\u00e9.<br \/>\n\u2013fait au Maroc<\/p>","protected":false},"excerpt":{"rendered":"<p data-start=\"1779\" data-end=\"1884\">Collier en pierres naturelles turquoise avec perles de culture nacr\u00e9es, chic et naturel.<\/p>\n<p data-start=\"2008\" data-end=\"2103\">","protected":false},"featured_media":11132,"template":"","meta":{"om_disable_all_campaigns":false,"_monsterinsights_skip_tracking":false,"_monsterinsights_sitenote_active":false,"_monsterinsights_sitenote_note":"","_monsterinsights_sitenote_category":0},"product_brand":[],"product_cat":[63,72],"product_tag":[],"class_list":{"0":"post-10621","1":"product","2":"type-product","3":"status-publish","4":"has-post-thumbnail","6":"product_cat-bijoux","7":"product_cat-colliers","9":"first","10":"instock","11":"sold-individually","12":"taxable","13":"shipping-taxable","14":"purchasable","15":"product-type-simple"},"aioseo_notices":[],"_links":{"self":[{"href":"https:\/\/artisan-all.com\/en\/wp-json\/wp\/v2\/product\/10621","targetHints":{"allow":["GET"]}}],"collection":[{"href":"https:\/\/artisan-all.com\/en\/wp-json\/wp\/v2\/product"}],"about":[{"href":"https:\/\/artisan-all.com\/en\/wp-json\/wp\/v2\/types\/product"}],"wp:featuredmedia":[{"embeddable":true,"href":"https:\/\/artisan-all.com\/en\/wp-json\/wp\/v2\/media\/11132"}],"wp:attachment":[{"href":"https:\/\/artisan-all.com\/en\/wp-json\/wp\/v2\/media?parent=10621"}],"wp:term":[{"taxonomy":"product_brand","embeddable":true,"href":"https:\/\/artisan-all.com\/en\/wp-json\/wp\/v2\/product_brand?post=10621"},{"taxonomy":"product_cat","embeddable":true,"href":"https:\/\/artisan-all.com\/en\/wp-json\/wp\/v2\/product_cat?post=10621"},{"taxonomy":"product_tag","embeddable":true,"href":"https:\/\/artisan-all.com\/en\/wp-json\/wp\/v2\/product_tag?post=10621"}],"curies":[{"name":"wp","href":"https:\/\/api.w.org\/{rel}","templated":true}]}}