{"id":10619,"date":"2025-06-04T08:57:40","date_gmt":"2025-06-04T08:57:40","guid":{"rendered":"https:\/\/artisan-all.com\/?post_type=product&#038;p=10619"},"modified":"2025-09-25T11:28:34","modified_gmt":"2025-09-25T11:28:34","slug":"collier-en-turquoise-avec-pendentif-soleil","status":"publish","type":"product","link":"https:\/\/artisan-all.com\/en\/product\/collier-en-turquoise-avec-pendentif-soleil\/","title":{"rendered":"SHAMS (perle turquoise)"},"content":{"rendered":"<p>Ce collier allie la fra\u00eecheur naturelle des perles de turquoise \u00e0 l\u2019\u00e9clat d\u2019un pendentif soleil en<br \/>\nacier inoxydable, symbole de lumi\u00e8re et de vitalit\u00e9.<br \/>\nPierre de protection et de communication, la turquoise est r\u00e9put\u00e9e pour apaiser les<br \/>\n\u00e9motions, renforcer la confiance en soi et favoriser l\u2019expression sinc\u00e8re. Associ\u00e9e \u00e0 l\u2019\u00e9nergie<br \/>\nsolaire, elle devient un v\u00e9ritable talisman pour rayonner au quotidien.<br \/>\nUn bijou \u00e0 la fois doux, vibrant et inspirant, \u00e0 porter comme une source de lumi\u00e8re<br \/>\nint\u00e9rieure.<br \/>\nCaract\u00e9ristique :<br \/>\n\u2013Mati\u00e8re : pierre semi pr\u00e9cieuse Turquoise<br \/>\n\u2013origine des perles : R\u00e9publique d\u00e9mocratique du Congo<br \/>\n\u2013dimension : 40 cm (chaine ajustable+ 5 cm)<br \/>\n\u2013propri\u00e9t\u00e9 :protection, apaisement \u00e9motionnel, communication, \u00e9quilibre.<br \/>\n\u2013fait au Maroc<\/p>","protected":false},"excerpt":{"rendered":"<p data-start=\"1816\" data-end=\"1913\">Collier en pierre turquoise avec pendentif soleil, alliant beaut\u00e9 et symbolisme.<\/p>\n<p data-start=\"2008\" data-end=\"2103\">","protected":false},"featured_media":11072,"template":"","meta":{"om_disable_all_campaigns":false,"_monsterinsights_skip_tracking":false,"_monsterinsights_sitenote_active":false,"_monsterinsights_sitenote_note":"","_monsterinsights_sitenote_category":0},"product_brand":[],"product_cat":[63,72],"product_tag":[],"class_list":{"0":"post-10619","1":"product","2":"type-product","3":"status-publish","4":"has-post-thumbnail","6":"product_cat-bijoux","7":"product_cat-colliers","9":"first","10":"instock","11":"sold-individually","12":"taxable","13":"shipping-taxable","14":"purchasable","15":"product-type-simple"},"aioseo_notices":[],"_links":{"self":[{"href":"https:\/\/artisan-all.com\/en\/wp-json\/wp\/v2\/product\/10619","targetHints":{"allow":["GET"]}}],"collection":[{"href":"https:\/\/artisan-all.com\/en\/wp-json\/wp\/v2\/product"}],"about":[{"href":"https:\/\/artisan-all.com\/en\/wp-json\/wp\/v2\/types\/product"}],"wp:featuredmedia":[{"embeddable":true,"href":"https:\/\/artisan-all.com\/en\/wp-json\/wp\/v2\/media\/11072"}],"wp:attachment":[{"href":"https:\/\/artisan-all.com\/en\/wp-json\/wp\/v2\/media?parent=10619"}],"wp:term":[{"taxonomy":"product_brand","embeddable":true,"href":"https:\/\/artisan-all.com\/en\/wp-json\/wp\/v2\/product_brand?post=10619"},{"taxonomy":"product_cat","embeddable":true,"href":"https:\/\/artisan-all.com\/en\/wp-json\/wp\/v2\/product_cat?post=10619"},{"taxonomy":"product_tag","embeddable":true,"href":"https:\/\/artisan-all.com\/en\/wp-json\/wp\/v2\/product_tag?post=10619"}],"curies":[{"name":"wp","href":"https:\/\/api.w.org\/{rel}","templated":true}]}}