{"id":10615,"date":"2025-06-04T08:48:25","date_gmt":"2025-06-04T08:48:25","guid":{"rendered":"https:\/\/artisan-all.com\/?post_type=product&#038;p=10615"},"modified":"2025-09-25T11:19:11","modified_gmt":"2025-09-25T11:19:11","slug":"collier-en-sable-dor-avec-pendentif-soleil","status":"publish","type":"product","link":"https:\/\/artisan-all.com\/en\/product\/collier-en-sable-dor-avec-pendentif-soleil\/","title":{"rendered":"SUN OF SAHARA ( sable d&rsquo;or)"},"content":{"rendered":"<p>Laissez-vous s\u00e9duire par l\u2019\u00e9clat chaleureux de ce collier en perles de sable d\u2019or, une pierre<br \/>\nscintillante aux reflets dor\u00e9s captivants. Symbole de lumi\u00e8re et de vitalit\u00e9, le pendentif en<br \/>\nforme de demi soleil en acier inoxydable apporte une touche solaire et rayonnante \u00e0<br \/>\nl\u2019ensemble.<br \/>\nUn bijou \u00e0 la fois \u00e9l\u00e9gant et \u00e9nergisant, \u00e0 porter au quotidien pour illuminer vos tenues et<br \/>\nrenforcer votre \u00e9nergie int\u00e9rieure<br \/>\nCaract\u00e9ristique :<br \/>\n\u2013Mati\u00e8re : pierre semi pr\u00e9cieuse sable d\u2019or<br \/>\n\u2013origine des perles : R\u00e9publique d\u00e9mocratique du Congo<br \/>\n\u2013dimension : 43 cm (chaine ajustable+ 5 cm)<br \/>\n\u2013propri\u00e9t\u00e9 :favorise l\u2019optimisme, booste la confiance en soi, \u00e9nergie positive<br \/>\n\u2013fait au Maroc<\/p>","protected":false},"excerpt":{"rendered":"<p data-start=\"541\" data-end=\"606\">Collier en sable d\u2019or avec pendentif soleil, lumineux et raffin\u00e9.<\/p>","protected":false},"featured_media":11151,"template":"","meta":{"om_disable_all_campaigns":false,"_monsterinsights_skip_tracking":false,"_monsterinsights_sitenote_active":false,"_monsterinsights_sitenote_note":"","_monsterinsights_sitenote_category":0},"product_brand":[],"product_cat":[63,72],"product_tag":[],"class_list":{"0":"post-10615","1":"product","2":"type-product","3":"status-publish","4":"has-post-thumbnail","6":"product_cat-bijoux","7":"product_cat-colliers","9":"first","10":"instock","11":"sold-individually","12":"taxable","13":"shipping-taxable","14":"purchasable","15":"product-type-simple"},"aioseo_notices":[],"_links":{"self":[{"href":"https:\/\/artisan-all.com\/en\/wp-json\/wp\/v2\/product\/10615","targetHints":{"allow":["GET"]}}],"collection":[{"href":"https:\/\/artisan-all.com\/en\/wp-json\/wp\/v2\/product"}],"about":[{"href":"https:\/\/artisan-all.com\/en\/wp-json\/wp\/v2\/types\/product"}],"wp:featuredmedia":[{"embeddable":true,"href":"https:\/\/artisan-all.com\/en\/wp-json\/wp\/v2\/media\/11151"}],"wp:attachment":[{"href":"https:\/\/artisan-all.com\/en\/wp-json\/wp\/v2\/media?parent=10615"}],"wp:term":[{"taxonomy":"product_brand","embeddable":true,"href":"https:\/\/artisan-all.com\/en\/wp-json\/wp\/v2\/product_brand?post=10615"},{"taxonomy":"product_cat","embeddable":true,"href":"https:\/\/artisan-all.com\/en\/wp-json\/wp\/v2\/product_cat?post=10615"},{"taxonomy":"product_tag","embeddable":true,"href":"https:\/\/artisan-all.com\/en\/wp-json\/wp\/v2\/product_tag?post=10615"}],"curies":[{"name":"wp","href":"https:\/\/api.w.org\/{rel}","templated":true}]}}