{"id":10614,"date":"2025-06-04T08:48:03","date_gmt":"2025-06-04T08:48:03","guid":{"rendered":"https:\/\/artisan-all.com\/?post_type=product&#038;p=10614"},"modified":"2025-09-25T11:14:56","modified_gmt":"2025-09-25T11:14:56","slug":"bracelet-en-oeil-de-tigre-avec-elastique","status":"publish","type":"product","link":"https:\/\/artisan-all.com\/en\/product\/bracelet-en-oeil-de-tigre-avec-elastique\/","title":{"rendered":"TIGRAL (\u0153il de tigre)"},"content":{"rendered":"<p>Un bracelet unisexe alliant la puissance protectrice de l\u2019\u0153il de tigre. \u00c9l\u00e9gant et durable, un<br \/>\nbracelet facile \u00e0 porter, mont\u00e9 sur fil \u00e9lastique pour un confort optimal au quotidien.<br \/>\nCaract\u00e9ristique :<br \/>\n\u2013Mati\u00e8re : pierre semi pr\u00e9cieuse \u0153il de tigre<br \/>\n\u2013origine des perles : R\u00e9publique d\u00e9mocratique du Congo<br \/>\n\u2013dimension : 22 cm (\u00e9lastique)<br \/>\n\u2013propri\u00e9t\u00e9 :protection, confiance en soi, \u00e9nergie positive<br \/>\n\u2013fait au Maroc<\/p>","protected":false},"excerpt":{"rendered":"<p data-start=\"570\" data-end=\"636\">Bracelet en \u0153il de tigre sur \u00e9lastique, confortable et protecteur.<\/p>","protected":false},"featured_media":10895,"template":"","meta":{"om_disable_all_campaigns":false,"_monsterinsights_skip_tracking":false,"_monsterinsights_sitenote_active":false,"_monsterinsights_sitenote_note":"","_monsterinsights_sitenote_category":0},"product_brand":[],"product_cat":[63,73],"product_tag":[],"class_list":{"0":"post-10614","1":"product","2":"type-product","3":"status-publish","4":"has-post-thumbnail","6":"product_cat-bijoux","7":"product_cat-bracelets","9":"first","10":"instock","11":"sold-individually","12":"taxable","13":"shipping-taxable","14":"purchasable","15":"product-type-simple"},"aioseo_notices":[],"_links":{"self":[{"href":"https:\/\/artisan-all.com\/en\/wp-json\/wp\/v2\/product\/10614","targetHints":{"allow":["GET"]}}],"collection":[{"href":"https:\/\/artisan-all.com\/en\/wp-json\/wp\/v2\/product"}],"about":[{"href":"https:\/\/artisan-all.com\/en\/wp-json\/wp\/v2\/types\/product"}],"wp:featuredmedia":[{"embeddable":true,"href":"https:\/\/artisan-all.com\/en\/wp-json\/wp\/v2\/media\/10895"}],"wp:attachment":[{"href":"https:\/\/artisan-all.com\/en\/wp-json\/wp\/v2\/media?parent=10614"}],"wp:term":[{"taxonomy":"product_brand","embeddable":true,"href":"https:\/\/artisan-all.com\/en\/wp-json\/wp\/v2\/product_brand?post=10614"},{"taxonomy":"product_cat","embeddable":true,"href":"https:\/\/artisan-all.com\/en\/wp-json\/wp\/v2\/product_cat?post=10614"},{"taxonomy":"product_tag","embeddable":true,"href":"https:\/\/artisan-all.com\/en\/wp-json\/wp\/v2\/product_tag?post=10614"}],"curies":[{"name":"wp","href":"https:\/\/api.w.org\/{rel}","templated":true}]}}