{"id":10611,"date":"2025-06-04T08:41:21","date_gmt":"2025-06-04T08:41:21","guid":{"rendered":"https:\/\/artisan-all.com\/?post_type=product&#038;p=10611"},"modified":"2025-09-25T11:06:23","modified_gmt":"2025-09-25T11:06:23","slug":"collier-trois-perles-rectangulaire-en-oeil-de-tigre-et-perles-de-culture","status":"publish","type":"product","link":"https:\/\/artisan-all.com\/en\/product\/collier-trois-perles-rectangulaire-en-oeil-de-tigre-et-perles-de-culture\/","title":{"rendered":"TAYRA (perle de culture et \u0153il de tigre)"},"content":{"rendered":"<p>Ce collier unique allie l\u2019\u00e9l\u00e9gance naturelle des pierres et la finesse de l\u2019artisanat marocain.<br \/>\nCompos\u00e9 de trois perles en \u0153il de tigre, symbole de force et de protection, des perles de<br \/>\nculture raffin\u00e9es, et d\u2019\u00e9l\u00e9ments en acier inoxydable pour une touche moderne et durable, il<br \/>\nincarne l\u2019\u00e9quilibre parfait entre authenticit\u00e9 et style contemporain.<br \/>\nCaract\u00e9ristique :<br \/>\n\u2013Mati\u00e8re : pierre semi pr\u00e9cieuse \u0153il de tigre, perle de culture et acier inoxydable<br \/>\n\u2013origine des perles : R\u00e9publique d\u00e9mocratique du Congo et Maroc<br \/>\n\u2013dimension : 45 cm (chaine ajustable+ 5 cm)<br \/>\n\u2013propri\u00e9t\u00e9 :protection, confiance en soi, \u00e9nergie positive, Aider \u00e0 calmer les \u00e9motions et \u00e0<br \/>\ncultiver la paix int\u00e9rieure<br \/>\n\u2013fait au Maroc<\/p>","protected":false},"excerpt":{"rendered":"<p data-start=\"645\" data-end=\"743\">Collier avec trois perles rectangulaires en \u0153il de tigre et perles de culture, \u00e9l\u00e9gant et naturel.<\/p>","protected":false},"featured_media":11159,"template":"","meta":{"om_disable_all_campaigns":false,"_monsterinsights_skip_tracking":false,"_monsterinsights_sitenote_active":false,"_monsterinsights_sitenote_note":"","_monsterinsights_sitenote_category":0},"product_brand":[],"product_cat":[63,72],"product_tag":[],"class_list":{"0":"post-10611","1":"product","2":"type-product","3":"status-publish","4":"has-post-thumbnail","6":"product_cat-bijoux","7":"product_cat-colliers","9":"first","10":"instock","11":"sold-individually","12":"taxable","13":"shipping-taxable","14":"purchasable","15":"product-type-simple"},"aioseo_notices":[],"_links":{"self":[{"href":"https:\/\/artisan-all.com\/en\/wp-json\/wp\/v2\/product\/10611","targetHints":{"allow":["GET"]}}],"collection":[{"href":"https:\/\/artisan-all.com\/en\/wp-json\/wp\/v2\/product"}],"about":[{"href":"https:\/\/artisan-all.com\/en\/wp-json\/wp\/v2\/types\/product"}],"wp:featuredmedia":[{"embeddable":true,"href":"https:\/\/artisan-all.com\/en\/wp-json\/wp\/v2\/media\/11159"}],"wp:attachment":[{"href":"https:\/\/artisan-all.com\/en\/wp-json\/wp\/v2\/media?parent=10611"}],"wp:term":[{"taxonomy":"product_brand","embeddable":true,"href":"https:\/\/artisan-all.com\/en\/wp-json\/wp\/v2\/product_brand?post=10611"},{"taxonomy":"product_cat","embeddable":true,"href":"https:\/\/artisan-all.com\/en\/wp-json\/wp\/v2\/product_cat?post=10611"},{"taxonomy":"product_tag","embeddable":true,"href":"https:\/\/artisan-all.com\/en\/wp-json\/wp\/v2\/product_tag?post=10611"}],"curies":[{"name":"wp","href":"https:\/\/api.w.org\/{rel}","templated":true}]}}