{"id":10599,"date":"2025-06-03T13:29:37","date_gmt":"2025-06-03T13:29:37","guid":{"rendered":"https:\/\/artisan-all.com\/?post_type=product&#038;p=10599"},"modified":"2025-09-25T15:35:58","modified_gmt":"2025-09-25T15:35:58","slug":"boite-en-bois-8","status":"publish","type":"product","link":"https:\/\/artisan-all.com\/en\/product\/boite-en-bois-8\/","title":{"rendered":"TENA 3"},"content":{"rendered":"<p data-start=\"1933\" data-end=\"2220\">Plus qu\u2019une simple bo\u00eete, cette cr\u00e9ation en bois est une petite \u0153uvre d\u2019art. Chaque d\u00e9tail a \u00e9t\u00e9 pens\u00e9 pour faire de cet objet un \u00e9l\u00e9ment fort de votre d\u00e9coration, tout en gardant sa fonction de rangement.<\/p>","protected":false},"excerpt":{"rendered":"<p data-start=\"356\" data-end=\"422\">Bo\u00eete en bois inspir\u00e9e des coffres anciens.<\/p>\n<h3 class=\"\" data-start=\"350\" data-end=\"417\"><\/h3>","protected":false},"featured_media":10384,"template":"","meta":{"om_disable_all_campaigns":false,"_monsterinsights_skip_tracking":false,"_monsterinsights_sitenote_active":false,"_monsterinsights_sitenote_note":"","_monsterinsights_sitenote_category":0},"product_brand":[],"product_cat":[64,76],"product_tag":[41,46],"class_list":{"0":"post-10599","1":"product","2":"type-product","3":"status-publish","4":"has-post-thumbnail","6":"product_cat-decos","7":"product_cat-statues-en-bois","8":"product_tag-esthetic","9":"product_tag-new","11":"first","12":"instock","13":"sold-individually","14":"taxable","15":"shipping-taxable","16":"purchasable","17":"product-type-simple"},"aioseo_notices":[],"_links":{"self":[{"href":"https:\/\/artisan-all.com\/en\/wp-json\/wp\/v2\/product\/10599","targetHints":{"allow":["GET"]}}],"collection":[{"href":"https:\/\/artisan-all.com\/en\/wp-json\/wp\/v2\/product"}],"about":[{"href":"https:\/\/artisan-all.com\/en\/wp-json\/wp\/v2\/types\/product"}],"wp:featuredmedia":[{"embeddable":true,"href":"https:\/\/artisan-all.com\/en\/wp-json\/wp\/v2\/media\/10384"}],"wp:attachment":[{"href":"https:\/\/artisan-all.com\/en\/wp-json\/wp\/v2\/media?parent=10599"}],"wp:term":[{"taxonomy":"product_brand","embeddable":true,"href":"https:\/\/artisan-all.com\/en\/wp-json\/wp\/v2\/product_brand?post=10599"},{"taxonomy":"product_cat","embeddable":true,"href":"https:\/\/artisan-all.com\/en\/wp-json\/wp\/v2\/product_cat?post=10599"},{"taxonomy":"product_tag","embeddable":true,"href":"https:\/\/artisan-all.com\/en\/wp-json\/wp\/v2\/product_tag?post=10599"}],"curies":[{"name":"wp","href":"https:\/\/api.w.org\/{rel}","templated":true}]}}