{"id":10595,"date":"2025-06-03T13:12:36","date_gmt":"2025-06-03T13:12:36","guid":{"rendered":"https:\/\/artisan-all.com\/?post_type=product&#038;p=10595"},"modified":"2025-09-25T15:21:58","modified_gmt":"2025-09-25T15:21:58","slug":"zula-4","status":"publish","type":"product","link":"https:\/\/artisan-all.com\/en\/product\/zula-4\/","title":{"rendered":"ZULA 4"},"content":{"rendered":"<p data-start=\"532\" data-end=\"838\">Taill\u00e9e dans un bois naturel non trait\u00e9, cette bo\u00eete respire la simplicit\u00e9 et l\u2019authenticit\u00e9. Son grain apparent et sa texture brute en font un objet d\u00e9coratif autant qu\u2019utile, parfait pour un int\u00e9rieur chaleureux et minimaliste.<\/p>","protected":false},"excerpt":{"rendered":"<p data-start=\"350\" data-end=\"417\">Bo\u00eete en bois brut, chaleur et authenticit\u00e9.<\/p>","protected":false},"featured_media":10408,"template":"","meta":{"om_disable_all_campaigns":false,"_monsterinsights_skip_tracking":false,"_monsterinsights_sitenote_active":false,"_monsterinsights_sitenote_note":"","_monsterinsights_sitenote_category":0},"product_brand":[],"product_cat":[64,76],"product_tag":[41,46],"class_list":{"0":"post-10595","1":"product","2":"type-product","3":"status-publish","4":"has-post-thumbnail","6":"product_cat-decos","7":"product_cat-statues-en-bois","8":"product_tag-esthetic","9":"product_tag-new","11":"first","12":"instock","13":"sold-individually","14":"taxable","15":"shipping-taxable","16":"purchasable","17":"product-type-simple"},"aioseo_notices":[],"_links":{"self":[{"href":"https:\/\/artisan-all.com\/en\/wp-json\/wp\/v2\/product\/10595","targetHints":{"allow":["GET"]}}],"collection":[{"href":"https:\/\/artisan-all.com\/en\/wp-json\/wp\/v2\/product"}],"about":[{"href":"https:\/\/artisan-all.com\/en\/wp-json\/wp\/v2\/types\/product"}],"wp:featuredmedia":[{"embeddable":true,"href":"https:\/\/artisan-all.com\/en\/wp-json\/wp\/v2\/media\/10408"}],"wp:attachment":[{"href":"https:\/\/artisan-all.com\/en\/wp-json\/wp\/v2\/media?parent=10595"}],"wp:term":[{"taxonomy":"product_brand","embeddable":true,"href":"https:\/\/artisan-all.com\/en\/wp-json\/wp\/v2\/product_brand?post=10595"},{"taxonomy":"product_cat","embeddable":true,"href":"https:\/\/artisan-all.com\/en\/wp-json\/wp\/v2\/product_cat?post=10595"},{"taxonomy":"product_tag","embeddable":true,"href":"https:\/\/artisan-all.com\/en\/wp-json\/wp\/v2\/product_tag?post=10595"}],"curies":[{"name":"wp","href":"https:\/\/api.w.org\/{rel}","templated":true}]}}