{"id":10594,"date":"2025-06-03T13:10:28","date_gmt":"2025-06-03T13:10:28","guid":{"rendered":"https:\/\/artisan-all.com\/?post_type=product&#038;p=10594"},"modified":"2025-08-15T16:57:52","modified_gmt":"2025-08-15T16:57:52","slug":"boite-en-bois-3","status":"publish","type":"product","link":"https:\/\/artisan-all.com\/en\/product\/boite-en-bois-3\/","title":{"rendered":"ZULA 5"},"content":{"rendered":"<p data-start=\"194\" data-end=\"488\">Cette bo\u00eete en bois faite main s\u00e9duit par ses lignes simples et sa finition soign\u00e9e. Elle allie l\u2019\u00e9l\u00e9gance naturelle du bois \u00e0 la pr\u00e9cision artisanale, id\u00e9ale pour ranger bijoux, souvenirs ou petits tr\u00e9sors avec go\u00fbt.<\/p>","protected":false},"excerpt":{"rendered":"<p data-start=\"356\" data-end=\"422\">Bo\u00eete en bois artisanale, sobre et raffin\u00e9e.<\/p>\n<h3 class=\"\" data-start=\"350\" data-end=\"417\"><\/h3>","protected":false},"featured_media":10411,"template":"","meta":{"om_disable_all_campaigns":false,"_monsterinsights_skip_tracking":false,"_monsterinsights_sitenote_active":false,"_monsterinsights_sitenote_note":"","_monsterinsights_sitenote_category":0},"product_brand":[],"product_cat":[64,76],"product_tag":[41,46],"class_list":{"0":"post-10594","1":"product","2":"type-product","3":"status-publish","4":"has-post-thumbnail","6":"product_cat-decos","7":"product_cat-statues-en-bois","8":"product_tag-esthetic","9":"product_tag-new","11":"first","12":"instock","13":"taxable","14":"shipping-taxable","15":"purchasable","16":"product-type-simple"},"aioseo_notices":[],"_links":{"self":[{"href":"https:\/\/artisan-all.com\/en\/wp-json\/wp\/v2\/product\/10594","targetHints":{"allow":["GET"]}}],"collection":[{"href":"https:\/\/artisan-all.com\/en\/wp-json\/wp\/v2\/product"}],"about":[{"href":"https:\/\/artisan-all.com\/en\/wp-json\/wp\/v2\/types\/product"}],"wp:featuredmedia":[{"embeddable":true,"href":"https:\/\/artisan-all.com\/en\/wp-json\/wp\/v2\/media\/10411"}],"wp:attachment":[{"href":"https:\/\/artisan-all.com\/en\/wp-json\/wp\/v2\/media?parent=10594"}],"wp:term":[{"taxonomy":"product_brand","embeddable":true,"href":"https:\/\/artisan-all.com\/en\/wp-json\/wp\/v2\/product_brand?post=10594"},{"taxonomy":"product_cat","embeddable":true,"href":"https:\/\/artisan-all.com\/en\/wp-json\/wp\/v2\/product_cat?post=10594"},{"taxonomy":"product_tag","embeddable":true,"href":"https:\/\/artisan-all.com\/en\/wp-json\/wp\/v2\/product_tag?post=10594"}],"curies":[{"name":"wp","href":"https:\/\/api.w.org\/{rel}","templated":true}]}}