{"id":10591,"date":"2025-06-03T12:42:43","date_gmt":"2025-06-03T12:42:43","guid":{"rendered":"https:\/\/artisan-all.com\/?post_type=product&#038;p=10591"},"modified":"2025-09-26T08:38:48","modified_gmt":"2025-09-26T08:38:48","slug":"kenza","status":"publish","type":"product","link":"https:\/\/artisan-all.com\/en\/product\/kenza\/","title":{"rendered":"KENZA"},"content":{"rendered":"<p>Ce coussin d\u00e9coratif pr\u00e9sente un motif \u00e9questre raffin\u00e9, avec sa couleur orange inspir\u00e9 de<br \/>\nl\u2019univers embl\u00e9matique de la maison Herm\u00e8s.<br \/>\nImprim\u00e9 sur un tissu de qualit\u00e9 au toucher doux, ce coussin apporte une touche<br \/>\nsophistiqu\u00e9e \u00e0 tout int\u00e9rieur : sur un canap\u00e9, un fauteuil ou un lit, il attire l\u2019\u0153il tout en<br \/>\ns\u2019int\u00e9grant harmonieusement dans une d\u00e9coration classique, boh\u00e8me ou contemporaine.<br \/>\nCaract\u00e9ristiques :<br \/>\n* Tissus de qualit\u00e9 : velours<br \/>\n* Fermeture discr\u00e8te : zip invisible<br \/>\n* Housse d\u00e9houssable \u2013 lavable \u00e0 la main ou en machin<br \/>\n* Dimensions disponibles : 45&#215;45 cm<br \/>\n* Vendu sans rembourrage int\u00e9rieur<\/p>","protected":false},"excerpt":{"rendered":"<p class=\"\" data-start=\"251\" data-end=\"354\">Coussin artisanal orange orn\u00e9 de motifs verts tiss\u00e9s \u00e0 la main. Une touche chaleureuse et authentique pour sublimer votre int\u00e9rieur.<\/p>\n<h3 class=\"\" data-start=\"356\" data-end=\"422\"><\/h3>\n<h3 class=\"\" data-start=\"350\" data-end=\"417\"><\/h3>","protected":false},"featured_media":10750,"template":"","meta":{"om_disable_all_campaigns":false,"_monsterinsights_skip_tracking":false,"_monsterinsights_sitenote_active":false,"_monsterinsights_sitenote_note":"","_monsterinsights_sitenote_category":0},"product_brand":[],"product_cat":[80,64],"product_tag":[41,46],"class_list":{"0":"post-10591","1":"product","2":"type-product","3":"status-publish","4":"has-post-thumbnail","6":"product_cat-coussin-decoratif","7":"product_cat-decos","8":"product_tag-esthetic","9":"product_tag-new","11":"first","12":"instock","13":"taxable","14":"shipping-taxable","15":"purchasable","16":"product-type-simple"},"aioseo_notices":[],"_links":{"self":[{"href":"https:\/\/artisan-all.com\/en\/wp-json\/wp\/v2\/product\/10591","targetHints":{"allow":["GET"]}}],"collection":[{"href":"https:\/\/artisan-all.com\/en\/wp-json\/wp\/v2\/product"}],"about":[{"href":"https:\/\/artisan-all.com\/en\/wp-json\/wp\/v2\/types\/product"}],"wp:featuredmedia":[{"embeddable":true,"href":"https:\/\/artisan-all.com\/en\/wp-json\/wp\/v2\/media\/10750"}],"wp:attachment":[{"href":"https:\/\/artisan-all.com\/en\/wp-json\/wp\/v2\/media?parent=10591"}],"wp:term":[{"taxonomy":"product_brand","embeddable":true,"href":"https:\/\/artisan-all.com\/en\/wp-json\/wp\/v2\/product_brand?post=10591"},{"taxonomy":"product_cat","embeddable":true,"href":"https:\/\/artisan-all.com\/en\/wp-json\/wp\/v2\/product_cat?post=10591"},{"taxonomy":"product_tag","embeddable":true,"href":"https:\/\/artisan-all.com\/en\/wp-json\/wp\/v2\/product_tag?post=10591"}],"curies":[{"name":"wp","href":"https:\/\/api.w.org\/{rel}","templated":true}]}}