{"id":10589,"date":"2025-06-03T12:40:15","date_gmt":"2025-06-03T12:40:15","guid":{"rendered":"https:\/\/artisan-all.com\/?post_type=product&#038;p=10589"},"modified":"2025-09-24T15:44:56","modified_gmt":"2025-09-24T15:44:56","slug":"sabria","status":"publish","type":"product","link":"https:\/\/artisan-all.com\/en\/product\/sabria\/","title":{"rendered":"SABRIA"},"content":{"rendered":"<p>Ce coussin d\u00e9coratif pr\u00e9sente un motif \u00e9questre raffin\u00e9, inspir\u00e9 de l\u2019univers embl\u00e9matique<br \/>\nde la maison Herm\u00e8s. Harnais entrelac\u00e9s, \u00e9l\u00e9ments d\u2019armure ou silhouettes de cavaliers<br \/>\ns\u2019entrelacent dans une composition \u00e9l\u00e9gante et \u00e9quilibr\u00e9e, \u00e9voquant le luxe, le mouvement<br \/>\net l\u2019h\u00e9ritage \u00e9questre.<br \/>\nCaract\u00e9ristiques :<br \/>\n* Tissus de qualit\u00e9 : velours<br \/>\n* Fermeture discr\u00e8te : zip invisible<br \/>\n* Housse d\u00e9houssable \u2013 lavable \u00e0 la main ou en machin<br \/>\n* Dimensions disponibles : 45&#215;45 cm<br \/>\n* Vendu sans rembourrage int\u00e9rieur<\/p>","protected":false},"excerpt":{"rendered":"<p data-start=\"222\" data-end=\"373\">Coussin blanc chic, inspir\u00e9 de l\u2019univers raffin\u00e9 d\u2019Herm\u00e8s. Un design \u00e9l\u00e9gant aux lignes sobres pour une touche de luxe discr\u00e8te dans votre int\u00e9rieur.<\/p>\n<h3 class=\"\" data-start=\"344\" data-end=\"415\"><\/h3>","protected":false},"featured_media":10749,"template":"","meta":{"om_disable_all_campaigns":false,"_monsterinsights_skip_tracking":false,"_monsterinsights_sitenote_active":false,"_monsterinsights_sitenote_note":"","_monsterinsights_sitenote_category":0},"product_brand":[],"product_cat":[80],"product_tag":[41,46],"class_list":{"0":"post-10589","1":"product","2":"type-product","3":"status-publish","4":"has-post-thumbnail","6":"product_cat-coussin-decoratif","7":"product_tag-esthetic","8":"product_tag-new","10":"first","11":"instock","12":"taxable","13":"shipping-taxable","14":"purchasable","15":"product-type-simple"},"aioseo_notices":[],"_links":{"self":[{"href":"https:\/\/artisan-all.com\/en\/wp-json\/wp\/v2\/product\/10589","targetHints":{"allow":["GET"]}}],"collection":[{"href":"https:\/\/artisan-all.com\/en\/wp-json\/wp\/v2\/product"}],"about":[{"href":"https:\/\/artisan-all.com\/en\/wp-json\/wp\/v2\/types\/product"}],"wp:featuredmedia":[{"embeddable":true,"href":"https:\/\/artisan-all.com\/en\/wp-json\/wp\/v2\/media\/10749"}],"wp:attachment":[{"href":"https:\/\/artisan-all.com\/en\/wp-json\/wp\/v2\/media?parent=10589"}],"wp:term":[{"taxonomy":"product_brand","embeddable":true,"href":"https:\/\/artisan-all.com\/en\/wp-json\/wp\/v2\/product_brand?post=10589"},{"taxonomy":"product_cat","embeddable":true,"href":"https:\/\/artisan-all.com\/en\/wp-json\/wp\/v2\/product_cat?post=10589"},{"taxonomy":"product_tag","embeddable":true,"href":"https:\/\/artisan-all.com\/en\/wp-json\/wp\/v2\/product_tag?post=10589"}],"curies":[{"name":"wp","href":"https:\/\/api.w.org\/{rel}","templated":true}]}}