{"id":3095,"date":"2021-07-20T22:56:17","date_gmt":"2021-07-20T22:56:17","guid":{"rendered":"https:\/\/etruscan.qodeinteractive.com\/?page_id=3095"},"modified":"2025-07-09T09:37:08","modified_gmt":"2025-07-09T09:37:08","slug":"a-propos","status":"publish","type":"page","link":"https:\/\/artisan-all.com\/en\/a-propos\/","title":{"rendered":"ABOUT US"},"content":{"rendered":"<div data-elementor-type=\"wp-page\" data-elementor-id=\"3095\" class=\"elementor elementor-3095\">\n\t\t\t\t<div class=\"elementor-element elementor-element-2dfc77c e-flex e-con-boxed e-con e-parent\" data-id=\"2dfc77c\" data-element_type=\"container\">\n\t\t\t\t\t<div class=\"e-con-inner\">\n\t\t<div class=\"elementor-element elementor-element-0631ad7 e-con-full e-flex e-con e-child\" data-id=\"0631ad7\" data-element_type=\"container\">\n\t\t\t\t<div class=\"elementor-element elementor-element-0797bbe elementor-widget elementor-widget-etruscan_core_section_title\" data-id=\"0797bbe\" data-element_type=\"widget\" data-widget_type=\"etruscan_core_section_title.default\">\n\t\t\t\t<div class=\"elementor-widget-container\">\n\t\t\t\t\t<div class=\"qodef-shortcode qodef-m  qodef-section-title qodef-alignment--left\">\n\t\t\t<h2 class=\"qodef-m-title\" >\n\t\t\t\t\tArtisan\u2019All: A Bridge Between Tradition and Modernity\t\t\t<\/h2>\n\t\t<p class=\"qodef-m-text\" >    \nArtisan\u2019All is a boutique dedicated to showcasing African craftsmanship.\nWe celebrate unique, handmade pieces crafted by passionate artisans who are heirs to ancestral skills. Ebony and wenge wood sculptures, traditional jewelry, leather bags, handwoven rugs, decorative objects\u2026 each creation tells a story, a land, a culture, a tradition.\n\nArtisan\u2019All is much more than a boutique; it is a journey into the heart of African craftsmanship.\nLocated in Marrakech, our store honors the ancestral know-how and cultural richness of Africa. Every piece we offer tells the story of an artisan, a people, and a tradition. Our mission is simple: to shine a global spotlight on the wealth of African craftsmanship while providing a fair and equitable platform for those who bring it to life.\nWe believe that a handcrafted object carries much more than a function: it carries a soul, an identity, and a memory.\n\nArtisan\u2019All was born from a journey, a captivated gaze at the talent of African artisans.\nThis project is above all a human endeavor: connecting often overlooked creators with a curious, supportive audience sensitive to true beauty. It is a living tribute to Africa, its diversity, and its traditions.\n\nWelcome to our world.\n\n<\/p>\n<\/div>\n\t\t\t\t<\/div>\n\t\t\t\t<\/div>\n\t\t\t\t<\/div>\n\t\t<div class=\"elementor-element elementor-element-1aef386 e-con-full e-flex e-con e-child\" data-id=\"1aef386\" data-element_type=\"container\">\n\t\t\t\t<div class=\"elementor-element elementor-element-4327b1b elementor-widget elementor-widget-etruscan_core_single_image\" data-id=\"4327b1b\" data-element_type=\"widget\" data-widget_type=\"etruscan_core_single_image.default\">\n\t\t\t\t<div class=\"elementor-widget-container\">\n\t\t\t\t\t<div class=\"qodef-shortcode qodef-m  qodef-single-image qodef-layout--default\">\n\t\t<div class=\"qodef-m-image\">\n\t\t\t\t\t<img fetchpriority=\"high\" decoding=\"async\" width=\"1024\" height=\"1024\" src=\"https:\/\/artisan-all.com\/wp-content\/uploads\/2025\/05\/freepik__the-style-is-candid-image-photography-with-natural__45878.jpeg\" class=\"attachment-full size-full\" alt=\"\" srcset=\"https:\/\/artisan-all.com\/wp-content\/uploads\/2025\/05\/freepik__the-style-is-candid-image-photography-with-natural__45878.jpeg 1024w, https:\/\/artisan-all.com\/wp-content\/uploads\/2025\/05\/freepik__the-style-is-candid-image-photography-with-natural__45878-300x300.jpeg 300w, https:\/\/artisan-all.com\/wp-content\/uploads\/2025\/05\/freepik__the-style-is-candid-image-photography-with-natural__45878-100x100.jpeg 100w, https:\/\/artisan-all.com\/wp-content\/uploads\/2025\/05\/freepik__the-style-is-candid-image-photography-with-natural__45878-600x600.jpeg 600w, https:\/\/artisan-all.com\/wp-content\/uploads\/2025\/05\/freepik__the-style-is-candid-image-photography-with-natural__45878-150x150.jpeg 150w, https:\/\/artisan-all.com\/wp-content\/uploads\/2025\/05\/freepik__the-style-is-candid-image-photography-with-natural__45878-768x768.jpeg 768w, https:\/\/artisan-all.com\/wp-content\/uploads\/2025\/05\/freepik__the-style-is-candid-image-photography-with-natural__45878-650x650.jpeg 650w\" sizes=\"(max-width: 1024px) 100vw, 1024px\" \/>\t\t\t<\/div>\n<\/div>\n\t\t\t\t<\/div>\n\t\t\t\t<\/div>\n\t\t\t\t<\/div>\n\t\t\t\t\t<\/div>\n\t\t\t\t<\/div>\n\t\t\t\t<section class=\"elementor-section elementor-inner-section elementor-element elementor-element-29edf6f elementor-section-full_width elementor-section-height-min-height elementor-section-height-default qodef-elementor-content-no\" data-id=\"29edf6f\" data-element_type=\"section\" data-settings=\"{&quot;background_background&quot;:&quot;classic&quot;}\">\n\t\t\t\t\t\t<div class=\"elementor-container elementor-column-gap-default\">\n\t\t\t\t\t<div class=\"elementor-column elementor-col-100 elementor-inner-column elementor-element elementor-element-f38e9cb\" data-id=\"f38e9cb\" data-element_type=\"column\">\n\t\t\t<div class=\"elementor-widget-wrap elementor-element-populated\">\n\t\t\t\t\t\t<div class=\"elementor-element elementor-element-ce2d482 elementor-widget elementor-widget-etruscan_core_section_title\" data-id=\"ce2d482\" data-element_type=\"widget\" data-widget_type=\"etruscan_core_section_title.default\">\n\t\t\t\t<div class=\"elementor-widget-container\">\n\t\t\t\t\t<div class=\"qodef-shortcode qodef-m  qodef-section-title qodef-alignment--center\">\n\t\t<div class=\"qodef-m-subtitle\" style=\"color: #E0E0E0\">\n\t\tStep into the world of Artisan\u2019All\t<\/div>\n\t\t<\/div>\n\t\t\t\t<\/div>\n\t\t\t\t<\/div>\n\t\t\t\t<div class=\"elementor-element elementor-element-e52a23b elementor-widget-tablet__width-initial elementor-widget elementor-widget-etruscan_core_custom_font\" data-id=\"e52a23b\" data-element_type=\"widget\" data-widget_type=\"etruscan_core_custom_font.default\">\n\t\t\t\t<div class=\"elementor-widget-container\">\n\t\t\t\t\t<h1 class=\"qodef-shortcode qodef-m  qodef-custom-font qodef-custom-font-77 qodef-layout--simple\" style=\"color: #FFFFFF;font-size: 50px;font-weight: 400;text-transform: uppercase;text-align: center\">Let yourself be inspired by the authenticity of African craftsmanship.<\/h1>\n\t\t\t\t<\/div>\n\t\t\t\t<\/div>\n\t\t\t\t<div class=\"elementor-element elementor-element-3af7542 elementor-widget__width-auto elementor-widget elementor-widget-etruscan_core_button\" data-id=\"3af7542\" data-element_type=\"widget\" data-widget_type=\"etruscan_core_button.default\">\n\t\t\t\t<div class=\"elementor-widget-container\">\n\t\t\t\t\t<a class=\"qodef-shortcode qodef-m  qodef-button qodef-layout--filled  qodef-html--link\" href=\"https:\/\/artisan-all.com\/en\/boutique\/\" target=\"_blank\" data-hover-color=\"#FFFFFF\" data-hover-background-color=\"#00000000\" data-hover-border-color=\"#FFFFFF\" style=\"color: #000000;background-color: #FFFFFF;border-color: #FFFFFF;font-weight: 600\">\n\t<span class=\"qodef-m-text\">View Products<\/span>\n<\/a>\n\t\t\t\t<\/div>\n\t\t\t\t<\/div>\n\t\t\t\t\t<\/div>\n\t\t<\/div>\n\t\t\t\t\t<\/div>\n\t\t<\/section>\n\t\t\t\t<section class=\"elementor-section elementor-top-section elementor-element elementor-element-76a0363 elementor-section-full_width qodef-elementor-content-grid elementor-section-height-default elementor-section-height-default\" data-id=\"76a0363\" data-element_type=\"section\">\n\t\t\t\t\t\t<div class=\"elementor-container elementor-column-gap-default\">\n\t\t\t\t\t<div class=\"elementor-column elementor-col-33 elementor-top-column elementor-element elementor-element-a501a02\" data-id=\"a501a02\" data-element_type=\"column\">\n\t\t\t<div class=\"elementor-widget-wrap elementor-element-populated\">\n\t\t\t\t\t\t<div class=\"elementor-element elementor-element-51cd070 image-icon elementor-widget elementor-widget-etruscan_core_icon_with_text\" data-id=\"51cd070\" data-element_type=\"widget\" data-widget_type=\"etruscan_core_icon_with_text.default\">\n\t\t\t\t<div class=\"elementor-widget-container\">\n\t\t\t\t\t<div class=\"qodef-shortcode qodef-m  qodef-icon-with-text qodef-layout--before-content qodef--custom-icon\">\n\t<div class=\"qodef-m-icon-wrapper\" >\n\t\t\t<span class=\"qodef-m-icon\" >\n\t\t\t\t\t<a itemprop=\"url\" href=\"#\" target=\"_blank\">\n\t\t\t\t\t<img decoding=\"async\" width=\"209\" height=\"209\" src=\"https:\/\/artisan-all.com\/wp-content\/uploads\/2025\/05\/ArtisanAll-Icons-03-1.png\" class=\"attachment-full size-full\" alt=\"\" srcset=\"https:\/\/artisan-all.com\/wp-content\/uploads\/2025\/05\/ArtisanAll-Icons-03-1.png 209w, https:\/\/artisan-all.com\/wp-content\/uploads\/2025\/05\/ArtisanAll-Icons-03-1-100x100.png 100w, https:\/\/artisan-all.com\/wp-content\/uploads\/2025\/05\/ArtisanAll-Icons-03-1-150x150.png 150w\" sizes=\"(max-width: 209px) 100vw, 209px\" \/>\t\t\t\t\t<\/a>\n\t\t\t<\/span>\n\t<\/div>\n\t<div class=\"qodef-m-content\">\n\t\t\t<h5 class=\"qodef-m-title\" >\n\t\t\t\t\t<a itemprop=\"url\" href=\"#\" target=\"_blank\">\n\t\t\t\t\t<span class=\"qodef-m-title-text\">Handmade<\/span>\n\t\t\t\t\t<\/a>\n\t\t\t<\/h5>\n\t\t\t<p class=\"qodef-m-text\" >Unique craftsmanship in every piece.\n\n<\/p>\n\t<\/div>\n<\/div>\n\t\t\t\t<\/div>\n\t\t\t\t<\/div>\n\t\t\t\t\t<\/div>\n\t\t<\/div>\n\t\t\t\t<div class=\"elementor-column elementor-col-33 elementor-top-column elementor-element elementor-element-b2a8f99\" data-id=\"b2a8f99\" data-element_type=\"column\">\n\t\t\t<div class=\"elementor-widget-wrap elementor-element-populated\">\n\t\t\t\t\t\t<div class=\"elementor-element elementor-element-229eb27 image-icon elementor-widget elementor-widget-etruscan_core_icon_with_text\" data-id=\"229eb27\" data-element_type=\"widget\" data-widget_type=\"etruscan_core_icon_with_text.default\">\n\t\t\t\t<div class=\"elementor-widget-container\">\n\t\t\t\t\t<div class=\"qodef-shortcode qodef-m  qodef-icon-with-text qodef-layout--before-content qodef--custom-icon\">\n\t<div class=\"qodef-m-icon-wrapper\" >\n\t\t\t<span class=\"qodef-m-icon\" >\n\t\t\t\t\t<a itemprop=\"url\" href=\"#\" target=\"_blank\">\n\t\t\t\t\t<img decoding=\"async\" width=\"209\" height=\"209\" src=\"https:\/\/artisan-all.com\/wp-content\/uploads\/2025\/05\/ArtisanAll-Icons-01-1.png\" class=\"attachment-full size-full\" alt=\"\" srcset=\"https:\/\/artisan-all.com\/wp-content\/uploads\/2025\/05\/ArtisanAll-Icons-01-1.png 209w, https:\/\/artisan-all.com\/wp-content\/uploads\/2025\/05\/ArtisanAll-Icons-01-1-100x100.png 100w, https:\/\/artisan-all.com\/wp-content\/uploads\/2025\/05\/ArtisanAll-Icons-01-1-150x150.png 150w\" sizes=\"(max-width: 209px) 100vw, 209px\" \/>\t\t\t\t\t<\/a>\n\t\t\t<\/span>\n\t<\/div>\n\t<div class=\"qodef-m-content\">\n\t\t\t<h5 class=\"qodef-m-title\" >\n\t\t\t\t\t<a itemprop=\"url\" href=\"#\" target=\"_blank\">\n\t\t\t\t\t<span class=\"qodef-m-title-text\">100% authentic<\/span>\n\t\t\t\t\t<\/a>\n\t\t\t<\/h5>\n\t\t\t<p class=\"qodef-m-text\" >Bringing the essence of Africa to your home.\n\n<\/p>\n\t<\/div>\n<\/div>\n\t\t\t\t<\/div>\n\t\t\t\t<\/div>\n\t\t\t\t\t<\/div>\n\t\t<\/div>\n\t\t\t\t<div class=\"elementor-column elementor-col-33 elementor-top-column elementor-element elementor-element-1125b0a\" data-id=\"1125b0a\" data-element_type=\"column\">\n\t\t\t<div class=\"elementor-widget-wrap elementor-element-populated\">\n\t\t\t\t\t\t<div class=\"elementor-element elementor-element-41370d3 image-icon elementor-widget elementor-widget-etruscan_core_icon_with_text\" data-id=\"41370d3\" data-element_type=\"widget\" data-widget_type=\"etruscan_core_icon_with_text.default\">\n\t\t\t\t<div class=\"elementor-widget-container\">\n\t\t\t\t\t<div class=\"qodef-shortcode qodef-m  qodef-icon-with-text qodef-layout--before-content qodef--custom-icon\">\n\t<div class=\"qodef-m-icon-wrapper\" >\n\t\t\t<span class=\"qodef-m-icon\" >\n\t\t\t\t\t<a itemprop=\"url\" href=\"#\" target=\"_blank\">\n\t\t\t\t\t<img loading=\"lazy\" decoding=\"async\" width=\"209\" height=\"209\" src=\"https:\/\/artisan-all.com\/wp-content\/uploads\/2025\/05\/ArtisanAll-Icons-02-1.png\" class=\"attachment-full size-full\" alt=\"\" srcset=\"https:\/\/artisan-all.com\/wp-content\/uploads\/2025\/05\/ArtisanAll-Icons-02-1.png 209w, https:\/\/artisan-all.com\/wp-content\/uploads\/2025\/05\/ArtisanAll-Icons-02-1-100x100.png 100w, https:\/\/artisan-all.com\/wp-content\/uploads\/2025\/05\/ArtisanAll-Icons-02-1-150x150.png 150w\" sizes=\"(max-width: 209px) 100vw, 209px\" \/>\t\t\t\t\t<\/a>\n\t\t\t<\/span>\n\t<\/div>\n\t<div class=\"qodef-m-content\">\n\t\t\t<h5 class=\"qodef-m-title\" >\n\t\t\t\t\t<a itemprop=\"url\" href=\"#\" target=\"_blank\">\n\t\t\t\t\t<span class=\"qodef-m-title-text\">Ethic<\/span>\n\t\t\t\t\t<\/a>\n\t\t\t<\/h5>\n\t\t\t<p class=\"qodef-m-text\" >Empowered artisans, fair trade.\n\n<\/p>\n\t<\/div>\n<\/div>\n\t\t\t\t<\/div>\n\t\t\t\t<\/div>\n\t\t\t\t\t<\/div>\n\t\t<\/div>\n\t\t\t\t\t<\/div>\n\t\t<\/section>\n\t\t\t\t<\/div>","protected":false},"excerpt":{"rendered":"<p>Artisan\u2019All : Un pont entre traditions et modernit\u00e9 Artisan&#039;All est une boutique d\u00e9di\u00e9e \u00e0 la valorisation de l\u2019artisanat africain. Nous mettons \u00e0 l\u2019honneur des pi\u00e8ces uniques, fa\u00e7onn\u00e9es \u00e0 la main par des artisans passionn\u00e9s, h\u00e9ritiers de savoir-faire ancestraux. Sculptures en bois d\u2019\u00e9b\u00e8ne et de weng\u00e9, bijoux traditionnels, sacs en cuir, tapis tiss\u00e9s \u00e0 la main, [&hellip;]<\/p>","protected":false},"author":16,"featured_media":0,"parent":0,"menu_order":0,"comment_status":"closed","ping_status":"closed","template":"page-full-width.php","meta":{"om_disable_all_campaigns":false,"_monsterinsights_skip_tracking":false,"_monsterinsights_sitenote_active":false,"_monsterinsights_sitenote_note":"","_monsterinsights_sitenote_category":0,"footnotes":""},"class_list":["post-3095","page","type-page","status-publish","hentry"],"aioseo_notices":[],"_links":{"self":[{"href":"https:\/\/artisan-all.com\/en\/wp-json\/wp\/v2\/pages\/3095","targetHints":{"allow":["GET"]}}],"collection":[{"href":"https:\/\/artisan-all.com\/en\/wp-json\/wp\/v2\/pages"}],"about":[{"href":"https:\/\/artisan-all.com\/en\/wp-json\/wp\/v2\/types\/page"}],"author":[{"embeddable":true,"href":"https:\/\/artisan-all.com\/en\/wp-json\/wp\/v2\/users\/16"}],"replies":[{"embeddable":true,"href":"https:\/\/artisan-all.com\/en\/wp-json\/wp\/v2\/comments?post=3095"}],"version-history":[{"count":136,"href":"https:\/\/artisan-all.com\/en\/wp-json\/wp\/v2\/pages\/3095\/revisions"}],"predecessor-version":[{"id":11969,"href":"https:\/\/artisan-all.com\/en\/wp-json\/wp\/v2\/pages\/3095\/revisions\/11969"}],"wp:attachment":[{"href":"https:\/\/artisan-all.com\/en\/wp-json\/wp\/v2\/media?parent=3095"}],"curies":[{"name":"wp","href":"https:\/\/api.w.org\/{rel}","templated":true}]}}